{"id":384,"date":"2018-02-02T20:08:52","date_gmt":"2018-02-02T19:08:52","guid":{"rendered":"http:\/\/dom-polski.fr\/?post_type=product&#038;p=384"},"modified":"2024-06-27T22:52:36","modified_gmt":"2024-06-27T20:52:36","slug":"sac-folklore-2","status":"publish","type":"product","link":"https:\/\/dom-polski.fr\/index.php\/product\/sac-folklore-2\/","title":{"rendered":"Sac \u00e0 dos folklore avec inscription Polska"},"content":{"rendered":"<p><strong>Sac \u00e0 dos avec une impression folklore \u00ab\u00a0Polska\u00a0\u00bb<\/strong><\/p>\n<ul>\n<li><span style=\"font-family: Verdana;\"><strong>Conception :<\/strong>\u00a0\u00a0contour unicolore d&rsquo;un aigle polonais<\/span><\/li>\n<li><span style=\"font-family: Verdana;\"><strong>Couleur :<\/strong>\u00a0\u00a0noir<\/span><\/li>\n<\/ul>\n<p>Un sac \u00e0 dos en forme de sac \u00e0 cordes est une alternative aux sacs \u00e0 dos \u00e0 bretelles.<\/p>\n<p><strong>\u00c0 propos de nos sacs \u00e0 dos : <\/strong><\/p>\n<ul>\n<li>taille 37 cm x 46 cm, capacit\u00e9 12 litres<\/li>\n<li>100 % Coton<\/li>\n<li>140 g\/m\u00b2<\/li>\n<li>fermeture \u00e0 cordon<\/li>\n<\/ul>\n<p>Impression permanente, couleurs vives et satur\u00e9es.\u00a0Nous recommandons un lavage \u00e0 l&rsquo;envers et \u00e0 une temp\u00e9rature ne d\u00e9passant pas 30 \u00b0 C.<\/p>\n","protected":false},"excerpt":{"rendered":"<p>Taille du sac : 37,00 cm x 46,00 cm<\/p>\n<p>Largeur de l&rsquo;impression : 26,00 cm<\/p>\n<p>Mati\u00e8re : Coton \u00e9cologique (100 % coton)<\/p>\n<p>Poids : 140 g\/M2<\/p>\n<p>Capacit\u00e9 : 12 l<\/p>\n<p>Cordes durables <a class=\"more-link\" href=\"https:\/\/dom-polski.fr\/index.php\/product\/sac-folklore-2\/\">Afficher la suite \u2192<\/a><\/p>\n","protected":false},"featured_media":385,"comment_status":"open","ping_status":"closed","template":"","meta":{"spay_email":"","jetpack_publicize_message":"","jetpack_is_tweetstorm":false},"aioseo_notices":[],"jetpack_publicize_connections":[],"jetpack_likes_enabled":false,"_links":{"self":[{"href":"https:\/\/dom-polski.fr\/index.php\/wp-json\/wp\/v2\/product\/384"}],"collection":[{"href":"https:\/\/dom-polski.fr\/index.php\/wp-json\/wp\/v2\/product"}],"about":[{"href":"https:\/\/dom-polski.fr\/index.php\/wp-json\/wp\/v2\/types\/product"}],"replies":[{"embeddable":true,"href":"https:\/\/dom-polski.fr\/index.php\/wp-json\/wp\/v2\/comments?post=384"}],"wp:featuredmedia":[{"embeddable":true,"href":"https:\/\/dom-polski.fr\/index.php\/wp-json\/wp\/v2\/media\/385"}],"wp:attachment":[{"href":"https:\/\/dom-polski.fr\/index.php\/wp-json\/wp\/v2\/media?parent=384"}],"curies":[{"name":"wp","href":"https:\/\/api.w.org\/{rel}","templated":true}]}}