{"id":3813,"date":"2020-04-05T12:14:07","date_gmt":"2020-04-05T10:14:07","guid":{"rendered":"https:\/\/dom-polski.fr\/?post_type=product&#038;p=3813"},"modified":"2020-10-10T20:31:50","modified_gmt":"2020-10-10T18:31:50","slug":"gateau-meringue-delecta-260-g","status":"publish","type":"product","link":"https:\/\/dom-polski.fr\/index.php\/product\/gateau-meringue-delecta-260-g\/","title":{"rendered":"G\u00e2teau meringu\u00e9 Delecta 260 g"},"content":{"rendered":"<p>L\u00e9g\u00e8re comme la plume, fragile de l\u2019ext\u00e9rieur et doux au milieu, c\u2019est une meringue parfaite. La meringue de Delecta est le seul g\u00e2teau que personne ne rate jamais. Pour pr\u00e9parer un grand g\u00e2teau pour douze personnes, il faut uniquement ajouter de l\u2019eau froide au contenu du paquet et mixer l\u2019ensemble.<\/p>\n<p>&nbsp;<\/p>\n","protected":false},"excerpt":{"rendered":"<p>Ingr\u00e9dients : Sucre, poudre d\u2019albumine d\u2019\u0153uf, amidon de ma\u00efs, r\u00e9gulateur d\u2019acidit\u00e9 : acide citrique, ar\u00f4me.<\/p>\n<p>Allerg\u00e8nes : \u0152uf <a class=\"more-link\" href=\"https:\/\/dom-polski.fr\/index.php\/product\/gateau-meringue-delecta-260-g\/\">Afficher la suite \u2192<\/a><\/p>\n","protected":false},"featured_media":3815,"comment_status":"open","ping_status":"closed","template":"","meta":{"spay_email":"","jetpack_publicize_message":"","jetpack_is_tweetstorm":false},"aioseo_notices":[],"jetpack_publicize_connections":[],"jetpack_likes_enabled":false,"_links":{"self":[{"href":"https:\/\/dom-polski.fr\/index.php\/wp-json\/wp\/v2\/product\/3813"}],"collection":[{"href":"https:\/\/dom-polski.fr\/index.php\/wp-json\/wp\/v2\/product"}],"about":[{"href":"https:\/\/dom-polski.fr\/index.php\/wp-json\/wp\/v2\/types\/product"}],"replies":[{"embeddable":true,"href":"https:\/\/dom-polski.fr\/index.php\/wp-json\/wp\/v2\/comments?post=3813"}],"wp:featuredmedia":[{"embeddable":true,"href":"https:\/\/dom-polski.fr\/index.php\/wp-json\/wp\/v2\/media\/3815"}],"wp:attachment":[{"href":"https:\/\/dom-polski.fr\/index.php\/wp-json\/wp\/v2\/media?parent=3813"}],"curies":[{"name":"wp","href":"https:\/\/api.w.org\/{rel}","templated":true}]}}