{"id":3804,"date":"2020-04-01T18:35:47","date_gmt":"2020-04-01T16:35:47","guid":{"rendered":"https:\/\/dom-polski.fr\/?post_type=product&#038;p=3804"},"modified":"2020-04-05T17:01:19","modified_gmt":"2020-04-05T15:01:19","slug":"babouchka-hiboux-3-pieces","status":"publish","type":"product","link":"https:\/\/dom-polski.fr\/index.php\/product\/babouchka-hiboux-3-pieces\/","title":{"rendered":"Babouchka hiboux (3 pi\u00e8ces)"},"content":{"rendered":"<p>Hauteur de la grande pi\u00e8ce : 14,00 cm<br \/>\nHauteur de la petite pi\u00e8ce : 7,00 cm<br \/>\nMati\u00e8re : Bois<\/p>\n","protected":false},"excerpt":{"rendered":"<p>Hauteur de la grande pi\u00e8ce : 14,00 cm Hauteur de la petite pi\u00e8ce : 7,00 cm Mati\u00e8re : Bois<\/p>\n","protected":false},"featured_media":3801,"comment_status":"open","ping_status":"closed","template":"","meta":{"spay_email":"","jetpack_publicize_message":"","jetpack_is_tweetstorm":false},"aioseo_notices":[],"jetpack_publicize_connections":[],"jetpack_likes_enabled":false,"_links":{"self":[{"href":"https:\/\/dom-polski.fr\/index.php\/wp-json\/wp\/v2\/product\/3804"}],"collection":[{"href":"https:\/\/dom-polski.fr\/index.php\/wp-json\/wp\/v2\/product"}],"about":[{"href":"https:\/\/dom-polski.fr\/index.php\/wp-json\/wp\/v2\/types\/product"}],"replies":[{"embeddable":true,"href":"https:\/\/dom-polski.fr\/index.php\/wp-json\/wp\/v2\/comments?post=3804"}],"wp:featuredmedia":[{"embeddable":true,"href":"https:\/\/dom-polski.fr\/index.php\/wp-json\/wp\/v2\/media\/3801"}],"wp:attachment":[{"href":"https:\/\/dom-polski.fr\/index.php\/wp-json\/wp\/v2\/media?parent=3804"}],"curies":[{"name":"wp","href":"https:\/\/api.w.org\/{rel}","templated":true}]}}