{"id":3748,"date":"2020-03-28T17:07:16","date_gmt":"2020-03-28T16:07:16","guid":{"rendered":"https:\/\/dom-polski.fr\/?post_type=product&#038;p=3748"},"modified":"2023-12-21T16:44:12","modified_gmt":"2023-12-21T15:44:12","slug":"chapeau-polonais","status":"publish","type":"product","link":"https:\/\/dom-polski.fr\/index.php\/product\/chapeau-polonais\/","title":{"rendered":"Chapeau polonais"},"content":{"rendered":"<p>Chapeau avec motif polonais.<\/p>\n<p>Mod\u00e8le unisexe :<br \/>\nCouleur : Cr\u00e8me<br \/>\nCirconf\u00e9rence : 58 cm env.<br \/>\nLargeur : 9 cm<br \/>\nProfondeur : 10 cm<br \/>\nTaille de l\u2019embl\u00e8me : 6,80 cm<br \/>\nLe chapeau est orn\u00e9 d\u2019un bracelet en cuir noir.<\/p>\n","protected":false},"excerpt":{"rendered":"<p>Chapeau avec motif polonais. Mod\u00e8le unisexe : Couleur : Cr\u00e8me Circonf\u00e9rence : 58 cm env. Largeur : 9 cm Profondeur : 10 cm Taille de l\u2019embl\u00e8me : 6,80 cm Le <a class=\"more-link\" href=\"https:\/\/dom-polski.fr\/index.php\/product\/chapeau-polonais\/\">Afficher la suite \u2192<\/a><\/p>\n","protected":false},"featured_media":3662,"comment_status":"open","ping_status":"closed","template":"","meta":{"spay_email":"","jetpack_publicize_message":"","jetpack_is_tweetstorm":false},"aioseo_notices":[],"jetpack_publicize_connections":[],"jetpack_likes_enabled":false,"_links":{"self":[{"href":"https:\/\/dom-polski.fr\/index.php\/wp-json\/wp\/v2\/product\/3748"}],"collection":[{"href":"https:\/\/dom-polski.fr\/index.php\/wp-json\/wp\/v2\/product"}],"about":[{"href":"https:\/\/dom-polski.fr\/index.php\/wp-json\/wp\/v2\/types\/product"}],"replies":[{"embeddable":true,"href":"https:\/\/dom-polski.fr\/index.php\/wp-json\/wp\/v2\/comments?post=3748"}],"wp:featuredmedia":[{"embeddable":true,"href":"https:\/\/dom-polski.fr\/index.php\/wp-json\/wp\/v2\/media\/3662"}],"wp:attachment":[{"href":"https:\/\/dom-polski.fr\/index.php\/wp-json\/wp\/v2\/media?parent=3748"}],"curies":[{"name":"wp","href":"https:\/\/api.w.org\/{rel}","templated":true}]}}