{"id":3745,"date":"2020-03-28T16:42:30","date_gmt":"2020-03-28T15:42:30","guid":{"rendered":"https:\/\/dom-polski.fr\/?post_type=product&#038;p=3745"},"modified":"2020-03-28T16:42:30","modified_gmt":"2020-03-28T15:42:30","slug":"casquette-polska-11","status":"publish","type":"product","link":"https:\/\/dom-polski.fr\/index.php\/product\/casquette-polska-11\/","title":{"rendered":"Casquette Polska"},"content":{"rendered":"<p>Casquette Polska r\u00e9glable de couleur rouge avec embl\u00e8me brod\u00e9.<\/p>\n","protected":false},"excerpt":{"rendered":"<p>Casquette Polska r\u00e9glable de couleur rouge avec embl\u00e8me brod\u00e9.<\/p>\n","protected":false},"featured_media":3636,"comment_status":"open","ping_status":"closed","template":"","meta":{"spay_email":"","jetpack_publicize_message":"","jetpack_is_tweetstorm":false},"aioseo_notices":[],"jetpack_publicize_connections":[],"jetpack_likes_enabled":false,"_links":{"self":[{"href":"https:\/\/dom-polski.fr\/index.php\/wp-json\/wp\/v2\/product\/3745"}],"collection":[{"href":"https:\/\/dom-polski.fr\/index.php\/wp-json\/wp\/v2\/product"}],"about":[{"href":"https:\/\/dom-polski.fr\/index.php\/wp-json\/wp\/v2\/types\/product"}],"replies":[{"embeddable":true,"href":"https:\/\/dom-polski.fr\/index.php\/wp-json\/wp\/v2\/comments?post=3745"}],"wp:featuredmedia":[{"embeddable":true,"href":"https:\/\/dom-polski.fr\/index.php\/wp-json\/wp\/v2\/media\/3636"}],"wp:attachment":[{"href":"https:\/\/dom-polski.fr\/index.php\/wp-json\/wp\/v2\/media?parent=3745"}],"curies":[{"name":"wp","href":"https:\/\/api.w.org\/{rel}","templated":true}]}}