{"id":3743,"date":"2020-03-28T16:38:32","date_gmt":"2020-03-28T15:38:32","guid":{"rendered":"https:\/\/dom-polski.fr\/?post_type=product&#038;p=3743"},"modified":"2020-03-28T16:38:32","modified_gmt":"2020-03-28T15:38:32","slug":"casquette-polska-9","status":"publish","type":"product","link":"https:\/\/dom-polski.fr\/index.php\/product\/casquette-polska-9\/","title":{"rendered":"Casquette Polska"},"content":{"rendered":"<p>Casquette Polska r\u00e9glable de couleur rouge avec embl\u00e8me brod\u00e9.<\/p>\n","protected":false},"excerpt":{"rendered":"<p>Casquette Polska r\u00e9glable de couleur rouge avec embl\u00e8me brod\u00e9.<\/p>\n","protected":false},"featured_media":3646,"comment_status":"open","ping_status":"closed","template":"","meta":{"spay_email":"","jetpack_publicize_message":"","jetpack_is_tweetstorm":false},"aioseo_notices":[],"jetpack_publicize_connections":[],"jetpack_likes_enabled":false,"_links":{"self":[{"href":"https:\/\/dom-polski.fr\/index.php\/wp-json\/wp\/v2\/product\/3743"}],"collection":[{"href":"https:\/\/dom-polski.fr\/index.php\/wp-json\/wp\/v2\/product"}],"about":[{"href":"https:\/\/dom-polski.fr\/index.php\/wp-json\/wp\/v2\/types\/product"}],"replies":[{"embeddable":true,"href":"https:\/\/dom-polski.fr\/index.php\/wp-json\/wp\/v2\/comments?post=3743"}],"wp:featuredmedia":[{"embeddable":true,"href":"https:\/\/dom-polski.fr\/index.php\/wp-json\/wp\/v2\/media\/3646"}],"wp:attachment":[{"href":"https:\/\/dom-polski.fr\/index.php\/wp-json\/wp\/v2\/media?parent=3743"}],"curies":[{"name":"wp","href":"https:\/\/api.w.org\/{rel}","templated":true}]}}