{"id":3726,"date":"2020-03-28T15:45:45","date_gmt":"2020-03-28T14:45:45","guid":{"rendered":"https:\/\/dom-polski.fr\/?post_type=product&#038;p=3726"},"modified":"2023-08-13T13:39:24","modified_gmt":"2023-08-13T11:39:24","slug":"sac-polska-avec-aigle-dore-grandes-oreilles","status":"publish","type":"product","link":"https:\/\/dom-polski.fr\/index.php\/product\/sac-polska-avec-aigle-dore-grandes-oreilles\/","title":{"rendered":"Sac Polska avec aigle dor\u00e9 (grandes oreilles)"},"content":{"rendered":"<div class=\"woocommerce-tabs wc-tabs-wrapper\">\n<div id=\"tab-description\" class=\"woocommerce-Tabs-panel woocommerce-Tabs-panel--description panel entry-content wc-tab\" role=\"tabpanel\" aria-labelledby=\"tab-title-description\">\n<p><strong>Sac en coton avec l\u2019impression \u00ab\u00a0Folklor \u0141owicki Polska\u00a0\u00bb<\/strong><\/p>\n<ul>\n<li><strong>Motif :<\/strong>\u00a0motif r\u00e9gional de \u0141owicz en forme de cercle avec des fleurs folkloriques au milieu, inscription \u00abPologne\u00bb<\/li>\n<li><strong>Couleur :<\/strong>\u00a0\u00e9cru naturel<\/li>\n<\/ul>\n<p><strong>\u00c0 propos de nos sacs :<\/strong><\/p>\n<ul>\n<li><span class=\"goog-text-highlight\">taille 38 cm x 42 cm, longueur des oreilles environ 33 cm<\/span><\/li>\n<li>100 % coton \u2013 coton brut<\/li>\n<li>140 g\/m\u00b2<\/li>\n<li>point de croix aux poign\u00e9es pour le renforcement<\/li>\n<li>coutures lat\u00e9rales de l\u2019enveloppe pour \u00e9viter le r\u00e9tr\u00e9cissement<\/li>\n<\/ul>\n<p>Les sacs sont repass\u00e9s, n\u2019ont pas de plis, ce qui les rend tr\u00e8s esth\u00e9tiques.<br \/>\nLa longueur de la poign\u00e9e vous permet de porter le sac dans votre main et sur votre \u00e9paule.<br \/>\nImpression permanente, couleurs vives et satur\u00e9es.\u00a0Nous recommandons un lavage \u00e0 l\u2019envers et \u00e0 une temp\u00e9rature ne d\u00e9passant pas 30\u00b0C.<\/p>\n<\/div>\n<\/div>\n<section class=\"related products\">\n<h2>Produits apparent\u00e9s<\/h2>\n<\/section>\n","protected":false},"excerpt":{"rendered":"<p>Sac en coton avec l\u2019impression \u00ab\u00a0Folklor \u0141owicki Polska\u00a0\u00bb Motif :\u00a0motif r\u00e9gional de \u0141owicz en forme de cercle avec des fleurs folkloriques au milieu, inscription \u00abPologne\u00bb Couleur :\u00a0\u00e9cru naturel \u00c0 propos <a class=\"more-link\" href=\"https:\/\/dom-polski.fr\/index.php\/product\/sac-polska-avec-aigle-dore-grandes-oreilles\/\">Afficher la suite \u2192<\/a><\/p>\n","protected":false},"featured_media":8596,"comment_status":"open","ping_status":"closed","template":"","meta":{"spay_email":"","jetpack_publicize_message":"","jetpack_is_tweetstorm":false},"aioseo_notices":[],"jetpack_publicize_connections":[],"jetpack_likes_enabled":false,"_links":{"self":[{"href":"https:\/\/dom-polski.fr\/index.php\/wp-json\/wp\/v2\/product\/3726"}],"collection":[{"href":"https:\/\/dom-polski.fr\/index.php\/wp-json\/wp\/v2\/product"}],"about":[{"href":"https:\/\/dom-polski.fr\/index.php\/wp-json\/wp\/v2\/types\/product"}],"replies":[{"embeddable":true,"href":"https:\/\/dom-polski.fr\/index.php\/wp-json\/wp\/v2\/comments?post=3726"}],"wp:featuredmedia":[{"embeddable":true,"href":"https:\/\/dom-polski.fr\/index.php\/wp-json\/wp\/v2\/media\/8596"}],"wp:attachment":[{"href":"https:\/\/dom-polski.fr\/index.php\/wp-json\/wp\/v2\/media?parent=3726"}],"curies":[{"name":"wp","href":"https:\/\/api.w.org\/{rel}","templated":true}]}}