{"id":364,"date":"2018-02-02T18:55:13","date_gmt":"2018-02-02T17:55:13","guid":{"rendered":"http:\/\/dom-polski.fr\/?post_type=product&#038;p=364"},"modified":"2024-06-17T08:54:35","modified_gmt":"2024-06-17T06:54:35","slug":"drapeau-60-x-90","status":"publish","type":"product","link":"https:\/\/dom-polski.fr\/index.php\/product\/drapeau-60-x-90\/","title":{"rendered":"Drapeau 60 x 90"},"content":{"rendered":"<p>Le drapeau polonais est form\u00e9 de deux bandes horizontales \u00e9gales. Il a \u00e9t\u00e9 officiellement reconnu comme symbole national en 1919, un an apr\u00e8s l\u2019ind\u00e9pendance de la Pologne.<\/p>\n","protected":false},"excerpt":{"rendered":"<p>Dimensions : 60 x 90 cm <a class=\"more-link\" href=\"https:\/\/dom-polski.fr\/index.php\/product\/drapeau-60-x-90\/\">Afficher la suite \u2192<\/a><\/p>\n","protected":false},"featured_media":365,"comment_status":"open","ping_status":"closed","template":"","meta":{"spay_email":"","jetpack_publicize_message":"","jetpack_is_tweetstorm":false},"aioseo_notices":[],"jetpack_publicize_connections":[],"jetpack_likes_enabled":false,"_links":{"self":[{"href":"https:\/\/dom-polski.fr\/index.php\/wp-json\/wp\/v2\/product\/364"}],"collection":[{"href":"https:\/\/dom-polski.fr\/index.php\/wp-json\/wp\/v2\/product"}],"about":[{"href":"https:\/\/dom-polski.fr\/index.php\/wp-json\/wp\/v2\/types\/product"}],"replies":[{"embeddable":true,"href":"https:\/\/dom-polski.fr\/index.php\/wp-json\/wp\/v2\/comments?post=364"}],"wp:featuredmedia":[{"embeddable":true,"href":"https:\/\/dom-polski.fr\/index.php\/wp-json\/wp\/v2\/media\/365"}],"wp:attachment":[{"href":"https:\/\/dom-polski.fr\/index.php\/wp-json\/wp\/v2\/media?parent=364"}],"curies":[{"name":"wp","href":"https:\/\/api.w.org\/{rel}","templated":true}]}}