{"id":3580,"date":"2020-02-21T15:55:36","date_gmt":"2020-02-21T14:55:36","guid":{"rendered":"https:\/\/dom-polski.fr\/?post_type=product&#038;p=3580"},"modified":"2023-12-11T11:12:26","modified_gmt":"2023-12-11T10:12:26","slug":"mug-polska-32","status":"publish","type":"product","link":"https:\/\/dom-polski.fr\/index.php\/product\/mug-polska-32\/","title":{"rendered":"Mug folklor Polska"},"content":{"rendered":"<p>Tasse en c\u00e9ramique, blanc folklore polonais avec des fleurs dans le style des d\u00e9coupes<br \/>\nCapacit\u00e9 : 300 ml<br \/>\nDiam\u00e8tre : 82 mm<br \/>\nHauteur : 95 mm<\/p>\n","protected":false},"excerpt":{"rendered":"<p>Tasse en c\u00e9ramique, blanc folklore polonais avec des fleurs dans le style des d\u00e9coupes Capacit\u00e9 : 300 ml Diam\u00e8tre : 82 mm Hauteur : 95 mm<\/p>\n","protected":false},"featured_media":3165,"comment_status":"open","ping_status":"closed","template":"","meta":{"spay_email":"","jetpack_publicize_message":"","jetpack_is_tweetstorm":false},"aioseo_notices":[],"jetpack_publicize_connections":[],"jetpack_likes_enabled":false,"_links":{"self":[{"href":"https:\/\/dom-polski.fr\/index.php\/wp-json\/wp\/v2\/product\/3580"}],"collection":[{"href":"https:\/\/dom-polski.fr\/index.php\/wp-json\/wp\/v2\/product"}],"about":[{"href":"https:\/\/dom-polski.fr\/index.php\/wp-json\/wp\/v2\/types\/product"}],"replies":[{"embeddable":true,"href":"https:\/\/dom-polski.fr\/index.php\/wp-json\/wp\/v2\/comments?post=3580"}],"wp:featuredmedia":[{"embeddable":true,"href":"https:\/\/dom-polski.fr\/index.php\/wp-json\/wp\/v2\/media\/3165"}],"wp:attachment":[{"href":"https:\/\/dom-polski.fr\/index.php\/wp-json\/wp\/v2\/media?parent=3580"}],"curies":[{"name":"wp","href":"https:\/\/api.w.org\/{rel}","templated":true}]}}