{"id":356,"date":"2018-02-02T18:44:44","date_gmt":"2018-02-02T17:44:44","guid":{"rendered":"http:\/\/dom-polski.fr\/?post_type=product&#038;p=356"},"modified":"2020-07-16T10:25:38","modified_gmt":"2020-07-16T08:25:38","slug":"service-a-vodka-15","status":"publish","type":"product","link":"https:\/\/dom-polski.fr\/index.php\/product\/service-a-vodka-15\/","title":{"rendered":"Service \u00e0 vodka"},"content":{"rendered":"<p>Service \u00e0 vodka (6 pi\u00e8ces<\/p>\n","protected":false},"excerpt":{"rendered":"<p>Service \u00e0 vodka (6 pi\u00e8ces<\/p>\n","protected":false},"featured_media":357,"comment_status":"open","ping_status":"closed","template":"","meta":{"spay_email":"","jetpack_publicize_message":"","jetpack_is_tweetstorm":false},"aioseo_notices":[],"jetpack_publicize_connections":[],"jetpack_likes_enabled":false,"_links":{"self":[{"href":"https:\/\/dom-polski.fr\/index.php\/wp-json\/wp\/v2\/product\/356"}],"collection":[{"href":"https:\/\/dom-polski.fr\/index.php\/wp-json\/wp\/v2\/product"}],"about":[{"href":"https:\/\/dom-polski.fr\/index.php\/wp-json\/wp\/v2\/types\/product"}],"replies":[{"embeddable":true,"href":"https:\/\/dom-polski.fr\/index.php\/wp-json\/wp\/v2\/comments?post=356"}],"wp:featuredmedia":[{"embeddable":true,"href":"https:\/\/dom-polski.fr\/index.php\/wp-json\/wp\/v2\/media\/357"}],"wp:attachment":[{"href":"https:\/\/dom-polski.fr\/index.php\/wp-json\/wp\/v2\/media?parent=356"}],"curies":[{"name":"wp","href":"https:\/\/api.w.org\/{rel}","templated":true}]}}