{"id":3230,"date":"2019-11-17T15:42:55","date_gmt":"2019-11-17T14:42:55","guid":{"rendered":"https:\/\/dom-polski.fr\/?post_type=product&#038;p=3230"},"modified":"2020-02-19T16:22:25","modified_gmt":"2020-02-19T15:22:25","slug":"babouchka-chat-3-pieces","status":"publish","type":"product","link":"https:\/\/dom-polski.fr\/index.php\/product\/babouchka-chat-3-pieces\/","title":{"rendered":"Babouchka chat (3 pi\u00e8ces)"},"content":{"rendered":"<p>Hauteur de la 1\u00e8re pi\u00e8ce : 15,00 cm<\/p>\n<p>Hauteur de la 3\u00e8me pi\u00e8ce : 7,00 cm<\/p>\n<p>Nombre de pi\u00e8ces : 3<\/p>\n","protected":false},"excerpt":{"rendered":"<p>Hauteur de la 1\u00e8re pi\u00e8ce : 15,00 cm Hauteur de la 3\u00e8me pi\u00e8ce : 7,00 cm Nombre de pi\u00e8ces : 3<\/p>\n","protected":false},"featured_media":3062,"comment_status":"open","ping_status":"closed","template":"","meta":{"spay_email":"","jetpack_publicize_message":"","jetpack_is_tweetstorm":false},"aioseo_notices":[],"jetpack_publicize_connections":[],"jetpack_likes_enabled":false,"_links":{"self":[{"href":"https:\/\/dom-polski.fr\/index.php\/wp-json\/wp\/v2\/product\/3230"}],"collection":[{"href":"https:\/\/dom-polski.fr\/index.php\/wp-json\/wp\/v2\/product"}],"about":[{"href":"https:\/\/dom-polski.fr\/index.php\/wp-json\/wp\/v2\/types\/product"}],"replies":[{"embeddable":true,"href":"https:\/\/dom-polski.fr\/index.php\/wp-json\/wp\/v2\/comments?post=3230"}],"wp:featuredmedia":[{"embeddable":true,"href":"https:\/\/dom-polski.fr\/index.php\/wp-json\/wp\/v2\/media\/3062"}],"wp:attachment":[{"href":"https:\/\/dom-polski.fr\/index.php\/wp-json\/wp\/v2\/media?parent=3230"}],"curies":[{"name":"wp","href":"https:\/\/api.w.org\/{rel}","templated":true}]}}