{"id":3115,"date":"2019-11-10T19:11:02","date_gmt":"2019-11-10T18:11:02","guid":{"rendered":"https:\/\/dom-polski.fr\/?post_type=product&#038;p=3115"},"modified":"2019-11-17T14:46:45","modified_gmt":"2019-11-17T13:46:45","slug":"babouchka-gigogne-a","status":"publish","type":"product","link":"https:\/\/dom-polski.fr\/index.php\/product\/babouchka-gigogne-a\/","title":{"rendered":"Babouchka gigogne (A) 5 pi\u00e8ces"},"content":{"rendered":"<p>Hauteur de la 1\u00e8re pi\u00e8ce : 10,50 cm<\/p>\n<p>Hauteur de la 5\u00e8me pi\u00e8ce : 5,50 cm<\/p>\n<p>Nombre de pi\u00e8ces : 5<\/p>\n","protected":false},"excerpt":{"rendered":"<p>Hauteur de la 1\u00e8re pi\u00e8ce : 10,50 cm Hauteur de la 5\u00e8me pi\u00e8ce : 5,50 cm Nombre de pi\u00e8ces : 5<\/p>\n","protected":false},"featured_media":3080,"comment_status":"open","ping_status":"closed","template":"","meta":{"spay_email":"","jetpack_publicize_message":"","jetpack_is_tweetstorm":false},"aioseo_notices":[],"jetpack_publicize_connections":[],"jetpack_likes_enabled":false,"_links":{"self":[{"href":"https:\/\/dom-polski.fr\/index.php\/wp-json\/wp\/v2\/product\/3115"}],"collection":[{"href":"https:\/\/dom-polski.fr\/index.php\/wp-json\/wp\/v2\/product"}],"about":[{"href":"https:\/\/dom-polski.fr\/index.php\/wp-json\/wp\/v2\/types\/product"}],"replies":[{"embeddable":true,"href":"https:\/\/dom-polski.fr\/index.php\/wp-json\/wp\/v2\/comments?post=3115"}],"wp:featuredmedia":[{"embeddable":true,"href":"https:\/\/dom-polski.fr\/index.php\/wp-json\/wp\/v2\/media\/3080"}],"wp:attachment":[{"href":"https:\/\/dom-polski.fr\/index.php\/wp-json\/wp\/v2\/media?parent=3115"}],"curies":[{"name":"wp","href":"https:\/\/api.w.org\/{rel}","templated":true}]}}