{"id":2995,"date":"2019-11-07T10:06:14","date_gmt":"2019-11-07T09:06:14","guid":{"rendered":"https:\/\/dom-polski.fr\/?post_type=product&#038;p=2995"},"modified":"2020-11-29T16:09:34","modified_gmt":"2020-11-29T15:09:34","slug":"bougeoir-en-bois-a","status":"publish","type":"product","link":"https:\/\/dom-polski.fr\/index.php\/product\/bougeoir-en-bois-a\/","title":{"rendered":"Arbre de No\u00ebl avec support (A)"},"content":{"rendered":"<p>Arbre de No\u00ebl avec cr\u00e8che de la veille de No\u00ebl.<\/p>\n<p>Hauteur : 22 cm<\/p>\n<p>Possibilit\u00e9 de terre une bougie<\/p>\n<p>Mati\u00e8re : Bois<\/p>\n","protected":false},"excerpt":{"rendered":"<p>Arbre de No\u00ebl avec cr\u00e8che de la veille de No\u00ebl. Hauteur : 22 cm Possibilit\u00e9 de terre une bougie Mati\u00e8re : Bois<\/p>\n","protected":false},"featured_media":2965,"comment_status":"open","ping_status":"closed","template":"","meta":{"spay_email":"","jetpack_publicize_message":"","jetpack_is_tweetstorm":false},"aioseo_notices":[],"jetpack_publicize_connections":[],"jetpack_likes_enabled":false,"_links":{"self":[{"href":"https:\/\/dom-polski.fr\/index.php\/wp-json\/wp\/v2\/product\/2995"}],"collection":[{"href":"https:\/\/dom-polski.fr\/index.php\/wp-json\/wp\/v2\/product"}],"about":[{"href":"https:\/\/dom-polski.fr\/index.php\/wp-json\/wp\/v2\/types\/product"}],"replies":[{"embeddable":true,"href":"https:\/\/dom-polski.fr\/index.php\/wp-json\/wp\/v2\/comments?post=2995"}],"wp:featuredmedia":[{"embeddable":true,"href":"https:\/\/dom-polski.fr\/index.php\/wp-json\/wp\/v2\/media\/2965"}],"wp:attachment":[{"href":"https:\/\/dom-polski.fr\/index.php\/wp-json\/wp\/v2\/media?parent=2995"}],"curies":[{"name":"wp","href":"https:\/\/api.w.org\/{rel}","templated":true}]}}