{"id":281,"date":"2018-02-02T16:23:03","date_gmt":"2018-02-02T15:23:03","guid":{"rendered":"http:\/\/dom-polski.fr\/?post_type=product&#038;p=281"},"modified":"2023-08-13T14:16:38","modified_gmt":"2023-08-13T12:16:38","slug":"echarpe-polska-6","status":"publish","type":"product","link":"https:\/\/dom-polski.fr\/index.php\/product\/echarpe-polska-6\/","title":{"rendered":"\u00c9charpe Polska"},"content":{"rendered":"<p><span style=\"font-family: 'andale mono', monospace;\"><span style=\"font-size: medium;\">Une \u00e9charpe \u00e9ventail de Pologne, double face, tricot\u00e9e (uniforme ray\u00e9).<\/span><\/span><\/p>\n<p><span style=\"font-family: 'andale mono', monospace;\"><span style=\"font-size: medium;\">\u00c9charpe \u00e9paisse.<br \/>\nMat\u00e9riel : 100 % acrylique.<br \/>\n<\/span><span style=\"font-size: medium;\">Des deux c\u00f4t\u00e9s de l&rsquo;\u00e9charpe, il y a un aigle brod\u00e9 &#8211; l&#8217;embl\u00e8me de la Pologne dans un champ rouge et les mots \u00abblanc et rouge\u00bb.\u00a0Franges blanches.<br \/>\n<\/span><\/span><br \/>\n<span style=\"font-family: 'andale mono', monospace;\"><span style=\"font-size: medium;\">Fabriqu\u00e9 en Pologne<\/span><span style=\"font-size: medium;\">\u00a0<\/span><span style=\"font-size: medium;\">&#8211; haute qualit\u00e9.<\/span><\/span><\/p>\n","protected":false},"excerpt":{"rendered":"<p>Une \u00e9charpe \u00e9ventail de Pologne, double face, tricot\u00e9e (uniforme ray\u00e9). \u00c9charpe \u00e9paisse. Mat\u00e9riel : 100 % acrylique. Des deux c\u00f4t\u00e9s de l&rsquo;\u00e9charpe, il y a un aigle brod\u00e9 &#8211; l&#8217;embl\u00e8me <a class=\"more-link\" href=\"https:\/\/dom-polski.fr\/index.php\/product\/echarpe-polska-6\/\">Afficher la suite \u2192<\/a><\/p>\n","protected":false},"featured_media":282,"comment_status":"open","ping_status":"closed","template":"","meta":{"spay_email":"","jetpack_publicize_message":"","jetpack_is_tweetstorm":false},"aioseo_notices":[],"jetpack_publicize_connections":[],"jetpack_likes_enabled":false,"_links":{"self":[{"href":"https:\/\/dom-polski.fr\/index.php\/wp-json\/wp\/v2\/product\/281"}],"collection":[{"href":"https:\/\/dom-polski.fr\/index.php\/wp-json\/wp\/v2\/product"}],"about":[{"href":"https:\/\/dom-polski.fr\/index.php\/wp-json\/wp\/v2\/types\/product"}],"replies":[{"embeddable":true,"href":"https:\/\/dom-polski.fr\/index.php\/wp-json\/wp\/v2\/comments?post=281"}],"wp:featuredmedia":[{"embeddable":true,"href":"https:\/\/dom-polski.fr\/index.php\/wp-json\/wp\/v2\/media\/282"}],"wp:attachment":[{"href":"https:\/\/dom-polski.fr\/index.php\/wp-json\/wp\/v2\/media?parent=281"}],"curies":[{"name":"wp","href":"https:\/\/api.w.org\/{rel}","templated":true}]}}