{"id":2786,"date":"2019-07-17T16:55:06","date_gmt":"2019-07-17T14:55:06","guid":{"rendered":"https:\/\/dom-polski.fr\/?post_type=product&#038;p=2786"},"modified":"2024-10-21T15:24:54","modified_gmt":"2024-10-21T13:24:54","slug":"boisson-cactus-au-citron-vert-et-pomme-tymbark","status":"publish","type":"product","link":"https:\/\/dom-polski.fr\/index.php\/product\/boisson-cactus-au-citron-vert-et-pomme-tymbark\/","title":{"rendered":"Boisson cactus au citron vert et pomme Tymbark"},"content":{"rendered":"<p>Ingr\u00e9dients : Eau, jus de pomme issu de jus concentr\u00e9 (35 %), sirop de glucose-fructose (G) et \/ ou sucre (D), pur\u00e9e de pomme (5 %), jus de jus concentr\u00e9s de : citrons verts (1 %) et figues de cactus (1 %), r\u00e9gulateur d&rsquo;acidit\u00e9 &#8211; acide citrique, colorants : E 141 et curcumine, ar\u00f4me, D, G &#8211; selon le composant utilis\u00e9 : voir impression en haut de l&#8217;emballage. Informations sur les additifs : sans \u00e9dulcorant. Valeurs nutritionnelles (%) dans 100 ml. \u00c9nergie : 201 kJ \/ 47 kcal, graisse 0 g dont acides satur\u00e9s 0 g, 12 g de glucides y compris les sucres 12 g, prot\u00e9ine 0 g, sel 0 g.<\/p>\n<p>Poids\u00a0: 1 litre.<\/p>\n","protected":false},"excerpt":{"rendered":"<p>Ingr\u00e9dients : Eau, jus de pomme issu de jus concentr\u00e9 (35 %), sirop de glucose-fructose (G) et \/ ou sucre (D), pur\u00e9e de pomme (5 %), jus de jus concentr\u00e9s <a class=\"more-link\" href=\"https:\/\/dom-polski.fr\/index.php\/product\/boisson-cactus-au-citron-vert-et-pomme-tymbark\/\">Afficher la suite \u2192<\/a><\/p>\n","protected":false},"featured_media":2672,"comment_status":"open","ping_status":"closed","template":"","meta":{"spay_email":"","jetpack_publicize_message":"","jetpack_is_tweetstorm":false},"aioseo_notices":[],"jetpack_publicize_connections":[],"jetpack_likes_enabled":false,"_links":{"self":[{"href":"https:\/\/dom-polski.fr\/index.php\/wp-json\/wp\/v2\/product\/2786"}],"collection":[{"href":"https:\/\/dom-polski.fr\/index.php\/wp-json\/wp\/v2\/product"}],"about":[{"href":"https:\/\/dom-polski.fr\/index.php\/wp-json\/wp\/v2\/types\/product"}],"replies":[{"embeddable":true,"href":"https:\/\/dom-polski.fr\/index.php\/wp-json\/wp\/v2\/comments?post=2786"}],"wp:featuredmedia":[{"embeddable":true,"href":"https:\/\/dom-polski.fr\/index.php\/wp-json\/wp\/v2\/media\/2672"}],"wp:attachment":[{"href":"https:\/\/dom-polski.fr\/index.php\/wp-json\/wp\/v2\/media?parent=2786"}],"curies":[{"name":"wp","href":"https:\/\/api.w.org\/{rel}","templated":true}]}}