{"id":2783,"date":"2019-07-17T16:48:28","date_gmt":"2019-07-17T14:48:28","guid":{"rendered":"https:\/\/dom-polski.fr\/?post_type=product&#038;p=2783"},"modified":"2023-11-26T14:14:51","modified_gmt":"2023-11-26T13:14:51","slug":"tisane-a-la-camomille-herbapol","status":"publish","type":"product","link":"https:\/\/dom-polski.fr\/index.php\/product\/tisane-a-la-camomille-herbapol\/","title":{"rendered":"Tisane \u00e0 la camomille Herbapol"},"content":{"rendered":"<p><span style=\"color: #313131; font-size: medium;\">La camomille soutient les processus digestifs et contribue au bon fonctionnement du<\/span><span style=\"font-size: medium;\"><span style=\"color: #313131;\">\u00a0<\/span><strong style=\"color: #313131; text-transform: none; text-indent: 0px; letter-spacing: normal; font-family: 'Open Sans', Helvetica, Arial, sans-serif; font-style: normal; font-weight: bold; word-spacing: 0px; white-space: normal; box-sizing: border-box; orphans: 2; widows: 2; background-color: #ffffff; font-variant-ligatures: normal; font-variant-caps: normal; -webkit-text-stroke-width: 0px; text-decoration-thickness: initial; text-decoration-style: initial; text-decoration-color: initial;\">syst\u00e8me digestif<\/strong><\/span><span style=\"color: #313131; text-transform: none; text-indent: 0px; letter-spacing: normal; font-family: 'Open Sans', Helvetica, Arial, sans-serif; font-size: 14px; font-style: normal; font-weight: 400; word-spacing: 0px; vertical-align: inherit; white-space: normal; box-sizing: border-box; orphans: 2; widows: 2; background-color: #ffffff; font-variant-ligatures: normal; font-variant-caps: normal; -webkit-text-stroke-width: 0px; text-decoration-thickness: initial; text-decoration-style: initial; text-decoration-color: initial;\"><span style=\"font-size: medium;\">\u00a0<\/span><span style=\"font-size: medium;\">.<\/span><span style=\"font-size: medium;\">\u00a0<\/span><span style=\"font-size: medium;\">Cela aide \u00e9galement \u00e0\u00a0<\/span><\/span><strong style=\"color: #313131; text-transform: none; text-indent: 0px; letter-spacing: normal; font-family: 'Open Sans', Helvetica, Arial, sans-serif; font-style: normal; font-weight: bold; word-spacing: 0px; white-space: normal; box-sizing: border-box; orphans: 2; widows: 2; background-color: #ffffff; font-variant-ligatures: normal; font-variant-caps: normal; -webkit-text-stroke-width: 0px; text-decoration-thickness: initial; text-decoration-style: initial; text-decoration-color: initial;\"><span style=\"font-size: medium;\">d\u00e9tendre<\/span><\/strong><span style=\"color: #313131; text-transform: none; text-indent: 0px; letter-spacing: normal; font-family: 'Open Sans', Helvetica, Arial, sans-serif; font-size: 14px; font-style: normal; font-weight: 400; word-spacing: 0px; vertical-align: inherit; white-space: normal; box-sizing: border-box; orphans: 2; widows: 2; background-color: #ffffff; font-variant-ligatures: normal; font-variant-caps: normal; -webkit-text-stroke-width: 0px; text-decoration-thickness: initial; text-decoration-style: initial; text-decoration-color: initial;\"><span style=\"font-size: medium;\">\u00a0<\/span><span style=\"font-size: medium;\">le<\/span><span style=\"font-size: medium;\">\u00a0<\/span><strong><span style=\"font-size: medium;\">corps<\/span><\/strong><span style=\"font-size: medium;\">.\u00a0<\/span><\/span><\/p>\n<p><strong>Ingr\u00e9dients :<\/strong> 100 % camomille. Valeurs nutritionnelles (%) 100 g. La valeur \u00e9nerg\u00e9tique de 125 kJ (29 kcal). Glucides 6,7 g y compris 6,7 g de sucres, 0,7 g de prot\u00e9ines. Il contient des quantit\u00e9s n\u00e9gligeables de graisse (y compris les acides gras satur\u00e9s) et de sel.<br \/>\n<strong>Valeurs nutritionnelles pour 100 g<\/strong>\/infusion de 2 sachets de 1,5 .g Valeur \u00e9nerg\u00e9tique 125 kJ (29 kcal) 4 kJ (1 kcal) glucide 6,7 g &lt;0,5 g y compris les sucres 6,7 g &lt;0,5 g prot\u00e9ine 0,7 g &lt;0,5 g Contient des quantit\u00e9s n\u00e9gligeables de mati\u00e8res grasses (y compris les acides gras satur\u00e9s) et de sels. Apport de r\u00e9f\u00e9rence pour l&rsquo;adulte moyen (8400kJ\/2000kcal).<br \/>\nContient\u00a0: 20 sachets.<\/p>\n","protected":false},"excerpt":{"rendered":"<p>La camomille soutient les processus digestifs et contribue au bon fonctionnement du\u00a0syst\u00e8me digestif\u00a0.\u00a0Cela aide \u00e9galement \u00e0\u00a0d\u00e9tendre\u00a0le\u00a0corps.\u00a0 Ingr\u00e9dients : 100 % camomille. Valeurs nutritionnelles (%) 100 g. La valeur \u00e9nerg\u00e9tique de <a class=\"more-link\" href=\"https:\/\/dom-polski.fr\/index.php\/product\/tisane-a-la-camomille-herbapol\/\">Afficher la suite \u2192<\/a><\/p>\n","protected":false},"featured_media":6282,"comment_status":"open","ping_status":"closed","template":"","meta":{"spay_email":"","jetpack_publicize_message":"","jetpack_is_tweetstorm":false},"aioseo_notices":[],"jetpack_publicize_connections":[],"jetpack_likes_enabled":false,"_links":{"self":[{"href":"https:\/\/dom-polski.fr\/index.php\/wp-json\/wp\/v2\/product\/2783"}],"collection":[{"href":"https:\/\/dom-polski.fr\/index.php\/wp-json\/wp\/v2\/product"}],"about":[{"href":"https:\/\/dom-polski.fr\/index.php\/wp-json\/wp\/v2\/types\/product"}],"replies":[{"embeddable":true,"href":"https:\/\/dom-polski.fr\/index.php\/wp-json\/wp\/v2\/comments?post=2783"}],"wp:featuredmedia":[{"embeddable":true,"href":"https:\/\/dom-polski.fr\/index.php\/wp-json\/wp\/v2\/media\/6282"}],"wp:attachment":[{"href":"https:\/\/dom-polski.fr\/index.php\/wp-json\/wp\/v2\/media?parent=2783"}],"curies":[{"name":"wp","href":"https:\/\/api.w.org\/{rel}","templated":true}]}}