{"id":2776,"date":"2019-07-17T16:31:40","date_gmt":"2019-07-17T14:31:40","guid":{"rendered":"https:\/\/dom-polski.fr\/?post_type=product&#038;p=2776"},"modified":"2023-10-15T11:44:42","modified_gmt":"2023-10-15T09:44:42","slug":"boisson-pomme-et-poire-tymbark","status":"publish","type":"product","link":"https:\/\/dom-polski.fr\/index.php\/product\/boisson-pomme-et-poire-tymbark\/","title":{"rendered":"Boisson Pomme\/Poire Tymbark"},"content":{"rendered":"<p>Ingr\u00e9dients\u00a0: Eau, jus de pomme \u00e0 partir de jus concentr\u00e9 (19 %), sirop de glucose-fructose (G) et \/ ou sucre (D), jus de poire \u00e0 base de jus concentr\u00e9 (1 %), r\u00e9gulateur d\u2019acidit\u00e9 &#8211; acide citrique, ar\u00f4me, D, G &#8211; in en fonction du composant utilis\u00e9: voir l&#8217;empreinte en haut de l&#8217;emballage. Valeurs nutritionnelles (%) dans 100 ml. \u00c9nergie 139 kJ \/ 33 kcal, graisse 0 g dont acides satur\u00e9s 0 g, hydrates de carbone 8,2 g y compris les sucres 8,2 g, prot\u00e9ine 0 g, sel 0 g.<\/p>\n<p>Poids\u00a0: 1 litre.<\/p>\n","protected":false},"excerpt":{"rendered":"<p>Ingr\u00e9dients\u00a0: Eau, jus de pomme \u00e0 partir de jus concentr\u00e9 (19 %), sirop de glucose-fructose (G) et \/ ou sucre (D), jus de poire \u00e0 base de jus concentr\u00e9 (1 <a class=\"more-link\" href=\"https:\/\/dom-polski.fr\/index.php\/product\/boisson-pomme-et-poire-tymbark\/\">Afficher la suite \u2192<\/a><\/p>\n","protected":false},"featured_media":6535,"comment_status":"open","ping_status":"closed","template":"","meta":{"spay_email":"","jetpack_publicize_message":"","jetpack_is_tweetstorm":false},"aioseo_notices":[],"jetpack_publicize_connections":[],"jetpack_likes_enabled":false,"_links":{"self":[{"href":"https:\/\/dom-polski.fr\/index.php\/wp-json\/wp\/v2\/product\/2776"}],"collection":[{"href":"https:\/\/dom-polski.fr\/index.php\/wp-json\/wp\/v2\/product"}],"about":[{"href":"https:\/\/dom-polski.fr\/index.php\/wp-json\/wp\/v2\/types\/product"}],"replies":[{"embeddable":true,"href":"https:\/\/dom-polski.fr\/index.php\/wp-json\/wp\/v2\/comments?post=2776"}],"wp:featuredmedia":[{"embeddable":true,"href":"https:\/\/dom-polski.fr\/index.php\/wp-json\/wp\/v2\/media\/6535"}],"wp:attachment":[{"href":"https:\/\/dom-polski.fr\/index.php\/wp-json\/wp\/v2\/media?parent=2776"}],"curies":[{"name":"wp","href":"https:\/\/api.w.org\/{rel}","templated":true}]}}