{"id":2659,"date":"2019-07-03T10:37:00","date_gmt":"2019-07-03T08:37:00","guid":{"rendered":"https:\/\/dom-polski.fr\/?post_type=product&#038;p=2659"},"modified":"2020-04-20T09:42:06","modified_gmt":"2020-04-20T07:42:06","slug":"magnet-ouvre-bouteille-polska","status":"publish","type":"product","link":"https:\/\/dom-polski.fr\/index.php\/product\/magnet-ouvre-bouteille-polska\/","title":{"rendered":"Magnet d\u00e9capsuleur carte de la Pologne"},"content":{"rendered":"<p>D\u00e9capsuleur carte de la Pologne avec aimant int\u00e9gr\u00e9.<\/p>\n<p>Poids : 50 g<br \/>\nDimensions : 1,60 x 7,3 x 7,3 cm<\/p>\n","protected":false},"excerpt":{"rendered":"<p>D\u00e9capsuleur carte de la Pologne avec aimant int\u00e9gr\u00e9. Poids : 50 g Dimensions : 1,60 x 7,3 x 7,3 cm<\/p>\n","protected":false},"featured_media":2620,"comment_status":"open","ping_status":"closed","template":"","meta":{"spay_email":"","jetpack_publicize_message":"","jetpack_is_tweetstorm":false},"aioseo_notices":[],"jetpack_publicize_connections":[],"jetpack_likes_enabled":false,"_links":{"self":[{"href":"https:\/\/dom-polski.fr\/index.php\/wp-json\/wp\/v2\/product\/2659"}],"collection":[{"href":"https:\/\/dom-polski.fr\/index.php\/wp-json\/wp\/v2\/product"}],"about":[{"href":"https:\/\/dom-polski.fr\/index.php\/wp-json\/wp\/v2\/types\/product"}],"replies":[{"embeddable":true,"href":"https:\/\/dom-polski.fr\/index.php\/wp-json\/wp\/v2\/comments?post=2659"}],"wp:featuredmedia":[{"embeddable":true,"href":"https:\/\/dom-polski.fr\/index.php\/wp-json\/wp\/v2\/media\/2620"}],"wp:attachment":[{"href":"https:\/\/dom-polski.fr\/index.php\/wp-json\/wp\/v2\/media?parent=2659"}],"curies":[{"name":"wp","href":"https:\/\/api.w.org\/{rel}","templated":true}]}}