{"id":2537,"date":"2019-06-13T11:52:46","date_gmt":"2019-06-13T09:52:46","guid":{"rendered":"https:\/\/dom-polski.fr\/?post_type=product&#038;p=2537"},"modified":"2021-05-20T10:53:38","modified_gmt":"2021-05-20T08:53:38","slug":"krowki-au-lait-125-g","status":"publish","type":"product","link":"https:\/\/dom-polski.fr\/index.php\/product\/krowki-au-lait-125-g\/","title":{"rendered":"Krowki au lait 135 g"},"content":{"rendered":"","protected":false},"excerpt":{"rendered":"<p>Ingr\u00e9dients\u00a0: Sucre, sirop de glucose,\u00a0<strong>lait\u00a0<\/strong>entier en poudre (13 %), huiles et mati\u00e8res grasses v\u00e9g\u00e9tales partiellement hydrog\u00e9n\u00e9es\/durcies (de colza, de palme).<\/p>\n<p>Poids : 135 g <a class=\"more-link\" href=\"https:\/\/dom-polski.fr\/index.php\/product\/krowki-au-lait-125-g\/\">Afficher la suite \u2192<\/a><\/p>\n","protected":false},"featured_media":2548,"comment_status":"open","ping_status":"closed","template":"","meta":{"spay_email":"","jetpack_publicize_message":"","jetpack_is_tweetstorm":false},"aioseo_notices":[],"jetpack_publicize_connections":[],"jetpack_likes_enabled":false,"_links":{"self":[{"href":"https:\/\/dom-polski.fr\/index.php\/wp-json\/wp\/v2\/product\/2537"}],"collection":[{"href":"https:\/\/dom-polski.fr\/index.php\/wp-json\/wp\/v2\/product"}],"about":[{"href":"https:\/\/dom-polski.fr\/index.php\/wp-json\/wp\/v2\/types\/product"}],"replies":[{"embeddable":true,"href":"https:\/\/dom-polski.fr\/index.php\/wp-json\/wp\/v2\/comments?post=2537"}],"wp:featuredmedia":[{"embeddable":true,"href":"https:\/\/dom-polski.fr\/index.php\/wp-json\/wp\/v2\/media\/2548"}],"wp:attachment":[{"href":"https:\/\/dom-polski.fr\/index.php\/wp-json\/wp\/v2\/media?parent=2537"}],"curies":[{"name":"wp","href":"https:\/\/api.w.org\/{rel}","templated":true}]}}