{"id":244,"date":"2018-02-02T15:02:30","date_gmt":"2018-02-02T14:02:30","guid":{"rendered":"http:\/\/dom-polski.fr\/?post_type=product&#038;p=244"},"modified":"2023-08-14T11:15:57","modified_gmt":"2023-08-14T09:15:57","slug":"sac-polska-2","status":"publish","type":"product","link":"https:\/\/dom-polski.fr\/index.php\/product\/sac-polska-2\/","title":{"rendered":"Sac rouge Polska"},"content":{"rendered":"<p>Sac rouge avec l\u2019aigle polonais.<br \/>\nLe sac peut contenir un ordinateur portable. Il dispose \u00e9galement d\u2019un compartiment pour les documents. Sous le rabat ferm\u00e9 par un velcro, il y a deux poches pour les petits objets. Du c\u00f4t\u00e9 du sac, il y a une poche pour votre t\u00e9l\u00e9phone mobile.<br \/>\nHauteur du sac (sans la sangle) : 29 cm<br \/>\nLargeur : 34,50 cm<\/p>\n","protected":false},"excerpt":{"rendered":"<p>Sac rouge avec l\u2019aigle polonais. Le sac peut contenir un ordinateur portable. Il dispose \u00e9galement d\u2019un compartiment pour les documents. Sous le rabat ferm\u00e9 par un velcro, il y a <a class=\"more-link\" href=\"https:\/\/dom-polski.fr\/index.php\/product\/sac-polska-2\/\">Afficher la suite \u2192<\/a><\/p>\n","protected":false},"featured_media":245,"comment_status":"open","ping_status":"closed","template":"","meta":{"spay_email":"","jetpack_publicize_message":"","jetpack_is_tweetstorm":false},"aioseo_notices":[],"jetpack_publicize_connections":[],"jetpack_likes_enabled":false,"_links":{"self":[{"href":"https:\/\/dom-polski.fr\/index.php\/wp-json\/wp\/v2\/product\/244"}],"collection":[{"href":"https:\/\/dom-polski.fr\/index.php\/wp-json\/wp\/v2\/product"}],"about":[{"href":"https:\/\/dom-polski.fr\/index.php\/wp-json\/wp\/v2\/types\/product"}],"replies":[{"embeddable":true,"href":"https:\/\/dom-polski.fr\/index.php\/wp-json\/wp\/v2\/comments?post=244"}],"wp:featuredmedia":[{"embeddable":true,"href":"https:\/\/dom-polski.fr\/index.php\/wp-json\/wp\/v2\/media\/245"}],"wp:attachment":[{"href":"https:\/\/dom-polski.fr\/index.php\/wp-json\/wp\/v2\/media?parent=244"}],"curies":[{"name":"wp","href":"https:\/\/api.w.org\/{rel}","templated":true}]}}