{"id":239,"date":"2018-02-02T13:49:29","date_gmt":"2018-02-02T12:49:29","guid":{"rendered":"http:\/\/dom-polski.fr\/?post_type=product&#038;p=239"},"modified":"2024-01-25T10:55:08","modified_gmt":"2024-01-25T09:55:08","slug":"sac-polska","status":"publish","type":"product","link":"https:\/\/dom-polski.fr\/index.php\/product\/sac-polska\/","title":{"rendered":"Sac de sport Polska"},"content":{"rendered":"<p>Sac rouge avec l\u2019aigle polonais.<br \/>\nLe sac \u00e0 deux poches suppl\u00e9mentaires et deux plus petites.<br \/>\nMati\u00e8re : 100 % polyester<br \/>\nHauteur du sac (sans la sangle) : 31 cm<br \/>\nLargeur : 58,50 cm<\/p>\n","protected":false},"excerpt":{"rendered":"<p>Sac rouge avec l\u2019aigle polonais. Le sac \u00e0 deux poches suppl\u00e9mentaires et deux plus petites. Mati\u00e8re : 100 % polyester Hauteur du sac (sans la sangle) : 31 cm Largeur <a class=\"more-link\" href=\"https:\/\/dom-polski.fr\/index.php\/product\/sac-polska\/\">Afficher la suite \u2192<\/a><\/p>\n","protected":false},"featured_media":238,"comment_status":"open","ping_status":"closed","template":"","meta":{"spay_email":"","jetpack_publicize_message":"","jetpack_is_tweetstorm":false},"aioseo_notices":[],"jetpack_publicize_connections":[],"jetpack_likes_enabled":false,"_links":{"self":[{"href":"https:\/\/dom-polski.fr\/index.php\/wp-json\/wp\/v2\/product\/239"}],"collection":[{"href":"https:\/\/dom-polski.fr\/index.php\/wp-json\/wp\/v2\/product"}],"about":[{"href":"https:\/\/dom-polski.fr\/index.php\/wp-json\/wp\/v2\/types\/product"}],"replies":[{"embeddable":true,"href":"https:\/\/dom-polski.fr\/index.php\/wp-json\/wp\/v2\/comments?post=239"}],"wp:featuredmedia":[{"embeddable":true,"href":"https:\/\/dom-polski.fr\/index.php\/wp-json\/wp\/v2\/media\/238"}],"wp:attachment":[{"href":"https:\/\/dom-polski.fr\/index.php\/wp-json\/wp\/v2\/media?parent=239"}],"curies":[{"name":"wp","href":"https:\/\/api.w.org\/{rel}","templated":true}]}}