{"id":2098,"date":"2019-03-20T16:46:10","date_gmt":"2019-03-20T15:46:10","guid":{"rendered":"https:\/\/dom-polski.fr\/?post_type=product&#038;p=2098"},"modified":"2020-05-05T16:18:04","modified_gmt":"2020-05-05T14:18:04","slug":"cappuccino-au-chocolat-mokate-110-gr","status":"publish","type":"product","link":"https:\/\/dom-polski.fr\/index.php\/product\/cappuccino-au-chocolat-mokate-110-gr\/","title":{"rendered":"Cappuccino au chocolat Mokate 110 gr"},"content":{"rendered":"<p>Le cappuccino au chocolat est un cappuccino qui fera le plaisir des mordus de chocolat. Sa fine mousse et cette saveur unique vous apporterons un moment de d\u00e9tente simple et agr\u00e9able de d\u00e9gustation.<\/p>\n","protected":false},"excerpt":{"rendered":"<p>Saveur : Chocolat<\/p>\n<p>Poids net : 110 g <a class=\"more-link\" href=\"https:\/\/dom-polski.fr\/index.php\/product\/cappuccino-au-chocolat-mokate-110-gr\/\">Afficher la suite \u2192<\/a><\/p>\n","protected":false},"featured_media":2099,"comment_status":"open","ping_status":"closed","template":"","meta":{"spay_email":"","jetpack_publicize_message":"","jetpack_is_tweetstorm":false},"aioseo_notices":[],"jetpack_publicize_connections":[],"jetpack_likes_enabled":false,"_links":{"self":[{"href":"https:\/\/dom-polski.fr\/index.php\/wp-json\/wp\/v2\/product\/2098"}],"collection":[{"href":"https:\/\/dom-polski.fr\/index.php\/wp-json\/wp\/v2\/product"}],"about":[{"href":"https:\/\/dom-polski.fr\/index.php\/wp-json\/wp\/v2\/types\/product"}],"replies":[{"embeddable":true,"href":"https:\/\/dom-polski.fr\/index.php\/wp-json\/wp\/v2\/comments?post=2098"}],"wp:featuredmedia":[{"embeddable":true,"href":"https:\/\/dom-polski.fr\/index.php\/wp-json\/wp\/v2\/media\/2099"}],"wp:attachment":[{"href":"https:\/\/dom-polski.fr\/index.php\/wp-json\/wp\/v2\/media?parent=2098"}],"curies":[{"name":"wp","href":"https:\/\/api.w.org\/{rel}","templated":true}]}}