{"id":2049,"date":"2019-03-20T14:20:50","date_gmt":"2019-03-20T13:20:50","guid":{"rendered":"https:\/\/dom-polski.fr\/?post_type=product&#038;p=2049"},"modified":"2020-07-23T09:10:14","modified_gmt":"2020-07-23T07:10:14","slug":"psalliotes-marinees-rolnik-370-ml","status":"publish","type":"product","link":"https:\/\/dom-polski.fr\/index.php\/product\/psalliotes-marinees-rolnik-370-ml\/","title":{"rendered":"Psalliotes marin\u00e9es Rolnik 370 ml"},"content":{"rendered":"<p>Ingr\u00e9dients :<br \/>\nPsalliotes (47 %), oignon, carotte, eau, acide citrique &#8211; r\u00e9gulateur d&rsquo;acidit\u00e9, vinaigre d&rsquo;alcool, sucre, sel, \u00e9pices &#8211; contiennent<b>\u00a0<\/b>de la<b>\u00a0moutarde<\/b>, antioxydant &#8211; e223.<\/p>\n","protected":false},"excerpt":{"rendered":"<p>Ingr\u00e9dients : Psalliotes (47 %), oignon, carotte, eau, acide citrique &#8211; r\u00e9gulateur d&rsquo;acidit\u00e9, vinaigre d&rsquo;alcool, sucre, sel, \u00e9pices &#8211; contiennent\u00a0de la\u00a0moutarde, antioxydant &#8211; e223.<\/p>\n","protected":false},"featured_media":2050,"comment_status":"open","ping_status":"closed","template":"","meta":{"spay_email":"","jetpack_publicize_message":"","jetpack_is_tweetstorm":false},"aioseo_notices":[],"jetpack_publicize_connections":[],"jetpack_likes_enabled":false,"_links":{"self":[{"href":"https:\/\/dom-polski.fr\/index.php\/wp-json\/wp\/v2\/product\/2049"}],"collection":[{"href":"https:\/\/dom-polski.fr\/index.php\/wp-json\/wp\/v2\/product"}],"about":[{"href":"https:\/\/dom-polski.fr\/index.php\/wp-json\/wp\/v2\/types\/product"}],"replies":[{"embeddable":true,"href":"https:\/\/dom-polski.fr\/index.php\/wp-json\/wp\/v2\/comments?post=2049"}],"wp:featuredmedia":[{"embeddable":true,"href":"https:\/\/dom-polski.fr\/index.php\/wp-json\/wp\/v2\/media\/2050"}],"wp:attachment":[{"href":"https:\/\/dom-polski.fr\/index.php\/wp-json\/wp\/v2\/media?parent=2049"}],"curies":[{"name":"wp","href":"https:\/\/api.w.org\/{rel}","templated":true}]}}