{"id":2018,"date":"2019-03-19T21:31:13","date_gmt":"2019-03-19T20:31:13","guid":{"rendered":"https:\/\/dom-polski.fr\/?post_type=product&#038;p=2018"},"modified":"2024-03-12T19:13:54","modified_gmt":"2024-03-12T18:13:54","slug":"choucroute-urbanek","status":"publish","type":"product","link":"https:\/\/dom-polski.fr\/index.php\/product\/choucroute-urbanek\/","title":{"rendered":"Choucroute Rolnik 850 g"},"content":{"rendered":"<p style=\"margin: 0px; padding: 0px 0px 9px; border: 0px #dddddd; color: #777777; text-transform: none; line-height: inherit; text-indent: 0px; letter-spacing: normal; font-family: 'Open Sans', sans-serif; font-size: 13px; font-style: normal; font-weight: 400; word-spacing: 0px; vertical-align: baseline; white-space: normal; box-sizing: border-box; orphans: 2; widows: 2; font-stretch: inherit; background-color: #ffffff; font-variant-ligatures: normal; font-variant-caps: normal; -webkit-text-stroke-width: 0px; text-decoration-thickness: initial; text-decoration-style: initial; text-decoration-color: initial; font-variant-numeric: inherit; font-variant-east-asian: inherit;\">Ingr\u00e9dients : Choucroute, eau, sel, r\u00e9gulateur d&rsquo;acidit\u00e9 : acide citrique, antioxydant : acide ascorbique.<\/p>\n","protected":false},"excerpt":{"rendered":"<p>Ingr\u00e9dients : Choucroute, eau, sel, r\u00e9gulateur d&rsquo;acidit\u00e9 : acide citrique, antioxydant : acide ascorbique.<\/p>\n","protected":false},"featured_media":6016,"comment_status":"open","ping_status":"closed","template":"","meta":{"spay_email":"","jetpack_publicize_message":"","jetpack_is_tweetstorm":false},"aioseo_notices":[],"jetpack_publicize_connections":[],"jetpack_likes_enabled":false,"_links":{"self":[{"href":"https:\/\/dom-polski.fr\/index.php\/wp-json\/wp\/v2\/product\/2018"}],"collection":[{"href":"https:\/\/dom-polski.fr\/index.php\/wp-json\/wp\/v2\/product"}],"about":[{"href":"https:\/\/dom-polski.fr\/index.php\/wp-json\/wp\/v2\/types\/product"}],"replies":[{"embeddable":true,"href":"https:\/\/dom-polski.fr\/index.php\/wp-json\/wp\/v2\/comments?post=2018"}],"wp:featuredmedia":[{"embeddable":true,"href":"https:\/\/dom-polski.fr\/index.php\/wp-json\/wp\/v2\/media\/6016"}],"wp:attachment":[{"href":"https:\/\/dom-polski.fr\/index.php\/wp-json\/wp\/v2\/media?parent=2018"}],"curies":[{"name":"wp","href":"https:\/\/api.w.org\/{rel}","templated":true}]}}