{"id":1844,"date":"2019-03-10T13:57:57","date_gmt":"2019-03-10T12:57:57","guid":{"rendered":"https:\/\/dom-polski.fr\/?post_type=product&#038;p=1844"},"modified":"2024-09-19T12:17:49","modified_gmt":"2024-09-19T10:17:49","slug":"raifort-rape-krakus-180-g","status":"publish","type":"product","link":"https:\/\/dom-polski.fr\/index.php\/product\/raifort-rape-krakus-180-g\/","title":{"rendered":"Raifort r\u00e2p\u00e9 Krakus 180 g"},"content":{"rendered":"<p>Ingr\u00e9dients : Raifort purifi\u00e9 60 %, eau, huile de colza, sucre, sel, r\u00e9gulateur d\u2019acidit\u00e9 : acide citrique, antioxydant : E223 contient sulfites.<\/p>\n<p>Poids : 180 g<\/p>\n<p>Marque : Krakus<\/p>\n","protected":false},"excerpt":{"rendered":"<p>Ingr\u00e9dients : Raifort purifi\u00e9 60 %, eau, huile de colza, sucre, sel, r\u00e9gulateur d\u2019acidit\u00e9 : acide citrique, antioxydant : E223 contient sulfites. Poids : 180 g Marque : Krakus<\/p>\n","protected":false},"featured_media":2974,"comment_status":"open","ping_status":"closed","template":"","meta":{"spay_email":"","jetpack_publicize_message":"","jetpack_is_tweetstorm":false},"aioseo_notices":[],"jetpack_publicize_connections":[],"jetpack_likes_enabled":false,"_links":{"self":[{"href":"https:\/\/dom-polski.fr\/index.php\/wp-json\/wp\/v2\/product\/1844"}],"collection":[{"href":"https:\/\/dom-polski.fr\/index.php\/wp-json\/wp\/v2\/product"}],"about":[{"href":"https:\/\/dom-polski.fr\/index.php\/wp-json\/wp\/v2\/types\/product"}],"replies":[{"embeddable":true,"href":"https:\/\/dom-polski.fr\/index.php\/wp-json\/wp\/v2\/comments?post=1844"}],"wp:featuredmedia":[{"embeddable":true,"href":"https:\/\/dom-polski.fr\/index.php\/wp-json\/wp\/v2\/media\/2974"}],"wp:attachment":[{"href":"https:\/\/dom-polski.fr\/index.php\/wp-json\/wp\/v2\/media?parent=1844"}],"curies":[{"name":"wp","href":"https:\/\/api.w.org\/{rel}","templated":true}]}}