{"id":1802,"date":"2019-03-06T19:14:50","date_gmt":"2019-03-06T18:14:50","guid":{"rendered":"https:\/\/dom-polski.fr\/?post_type=product&#038;p=1802"},"modified":"2024-12-06T13:45:18","modified_gmt":"2024-12-06T12:45:18","slug":"cornichons-kozackie-provitus-640-g","status":"publish","type":"product","link":"https:\/\/dom-polski.fr\/index.php\/product\/cornichons-kozackie-provitus-640-g\/","title":{"rendered":"Cornichons Kozackie Provitus 640 g"},"content":{"rendered":"<p>Ingr\u00e9dients :<br \/>\nConcombres 48 %, sucre, vinaigre d&rsquo;alcool, graines de moutarde 6 % (eau, moutarde blanche, vinaigre d&rsquo;alcool, sucre, sel), sel, m\u00e9lange de l\u00e9gumes, moutarde, \u00e9pices.<\/p>\n","protected":false},"excerpt":{"rendered":"<p>Ingr\u00e9dients :<\/p>\n<p>Cornichons 48 %, sucre, vinaigre d\u2019alcool, graines de moutarde 6 % (eau, <b>moutarde blanche, vinaigre<\/b><strong> d\u2019alcool, sucre, sel), sel, m\u00e9lange de l\u00e9gumes, moutarde, \u00e9pices.<\/strong> <a class=\"more-link\" href=\"https:\/\/dom-polski.fr\/index.php\/product\/cornichons-kozackie-provitus-640-g\/\">Afficher la suite \u2192<\/a><\/p>\n","protected":false},"featured_media":1442,"comment_status":"open","ping_status":"closed","template":"","meta":{"spay_email":"","jetpack_publicize_message":"","jetpack_is_tweetstorm":false},"aioseo_notices":[],"jetpack_publicize_connections":[],"jetpack_likes_enabled":true,"_links":{"self":[{"href":"https:\/\/dom-polski.fr\/index.php\/wp-json\/wp\/v2\/product\/1802"}],"collection":[{"href":"https:\/\/dom-polski.fr\/index.php\/wp-json\/wp\/v2\/product"}],"about":[{"href":"https:\/\/dom-polski.fr\/index.php\/wp-json\/wp\/v2\/types\/product"}],"replies":[{"embeddable":true,"href":"https:\/\/dom-polski.fr\/index.php\/wp-json\/wp\/v2\/comments?post=1802"}],"wp:featuredmedia":[{"embeddable":true,"href":"https:\/\/dom-polski.fr\/index.php\/wp-json\/wp\/v2\/media\/1442"}],"wp:attachment":[{"href":"https:\/\/dom-polski.fr\/index.php\/wp-json\/wp\/v2\/media?parent=1802"}],"curies":[{"name":"wp","href":"https:\/\/api.w.org\/{rel}","templated":true}]}}