{"id":1562,"date":"2019-01-23T11:47:29","date_gmt":"2019-01-23T10:47:29","guid":{"rendered":"https:\/\/dom-polski.fr\/?post_type=product&#038;p=1562"},"modified":"2022-01-16T14:57:58","modified_gmt":"2022-01-16T13:57:58","slug":"the-a-la-camomille-30-gr-20-sachets","status":"publish","type":"product","link":"https:\/\/dom-polski.fr\/index.php\/product\/the-a-la-camomille-30-gr-20-sachets\/","title":{"rendered":"Th\u00e9 \u00e0 la camomille 30 gr (20 sachets)"},"content":{"rendered":"<p>Ingr\u00e9dients : 100 % camomille.<br \/>\nDescription du produit : La camomille a un effet positif sur votre corps. Aide \u00e0 la digestion, contribue au bon fonctionnement du syst\u00e8me digestif, aide \u00e0 la relaxation du corps.<br \/>\nConseil d&rsquo;utilisation: Conserver dans un endroit sec et \u00e0 l&rsquo;abri de la lumi\u00e8re.<br \/>\nConseil de pr\u00e9paration:<br \/>\nVerser un sachet de verre d&rsquo;eau bouillante. Incuber sous couvercle pendant environ 10 minutes.<br \/>\nInformations importantes :<br \/>\nNe pas utiliser chez les personnes hypersensibles pour les tisanes de camomille.<br \/>\nUn effet b\u00e9n\u00e9fique de l&rsquo;action d\u00e9clar\u00e9e se produit lors de la consommation d&rsquo;infusions de 2 sachets par jour.<br \/>\nUne alimentation \u00e9quilibr\u00e9e et vari\u00e9e et un mode de vie sain sont la base pour assurer le bon fonctionnement du corps.<br \/>\nInformations compl\u00e9mentaires: A consommer de pr\u00e9f\u00e9rence avant le : voir la date indiqu\u00e9e sur l&#8217;emballage.<br \/>\nPoids net: 30 g (20 sachets).<br \/>\nLieu de provenance (achat) : Pologne.<br \/>\nValeurs nutritionnelles pour 100 g \/ infusion de 2 sachets de 1,5 g<br \/>\nValeur \u00e9nerg\u00e9tique 125 kJ (29 kcal) 4 kJ (1 kcal)<br \/>\nglucide 6,7 g &lt;0,5 g<br \/>\ny compris les sucres 6,7 g &lt;0,5 g<br \/>\nprot\u00e9ine 0,7 g &lt;0,5 g<br \/>\nContient des quantit\u00e9s n\u00e9gligeables de mati\u00e8res grasses (y compris les acides gras satur\u00e9s) et de sels.<br \/>\nApport de r\u00e9f\u00e9rence pour l&rsquo;adulte moyen (8400kJ \/ 2000kcal).<\/p>\n","protected":false},"excerpt":{"rendered":"<p>Ingr\u00e9dients : 100 % camomille. Description du produit : La camomille a un effet positif sur votre corps. Aide \u00e0 la digestion, contribue au bon fonctionnement du syst\u00e8me digestif, aide <a class=\"more-link\" href=\"https:\/\/dom-polski.fr\/index.php\/product\/the-a-la-camomille-30-gr-20-sachets\/\">Afficher la suite \u2192<\/a><\/p>\n","protected":false},"featured_media":1316,"comment_status":"open","ping_status":"closed","template":"","meta":{"spay_email":"","jetpack_publicize_message":"","jetpack_is_tweetstorm":false},"aioseo_notices":[],"jetpack_publicize_connections":[],"jetpack_likes_enabled":false,"_links":{"self":[{"href":"https:\/\/dom-polski.fr\/index.php\/wp-json\/wp\/v2\/product\/1562"}],"collection":[{"href":"https:\/\/dom-polski.fr\/index.php\/wp-json\/wp\/v2\/product"}],"about":[{"href":"https:\/\/dom-polski.fr\/index.php\/wp-json\/wp\/v2\/types\/product"}],"replies":[{"embeddable":true,"href":"https:\/\/dom-polski.fr\/index.php\/wp-json\/wp\/v2\/comments?post=1562"}],"wp:featuredmedia":[{"embeddable":true,"href":"https:\/\/dom-polski.fr\/index.php\/wp-json\/wp\/v2\/media\/1316"}],"wp:attachment":[{"href":"https:\/\/dom-polski.fr\/index.php\/wp-json\/wp\/v2\/media?parent=1562"}],"curies":[{"name":"wp","href":"https:\/\/api.w.org\/{rel}","templated":true}]}}