{"id":1558,"date":"2019-01-23T11:36:10","date_gmt":"2019-01-23T10:36:10","guid":{"rendered":"https:\/\/dom-polski.fr\/?post_type=product&#038;p=1558"},"modified":"2023-03-22T19:58:59","modified_gmt":"2023-03-22T18:58:59","slug":"cornichons-krakus-aigres-doux-865-gr","status":"publish","type":"product","link":"https:\/\/dom-polski.fr\/index.php\/product\/cornichons-krakus-aigres-doux-865-gr\/","title":{"rendered":"Cornichons Krakus aigres-doux 865 gr"},"content":{"rendered":"<p>Ingr\u00e9dients : Cornichons, eau, vinaigre, sucre, sel, aneth, ail, raifort, moutarde, \u00e9pices.<br \/>\nAllerg\u00e8nes : Contient de la moutarde, du raifort et de l&rsquo;ail.<br \/>\nConseil d&rsquo;utilisation : Conserver dans un endroit frais (temp\u00e9rature recommand\u00e9e entre + 4 \u00b0C et + 20 \u00b0C), sec et \u00e0 l&rsquo;abri de la lumi\u00e8re.<br \/>\nApr\u00e8s ouverture, doit \u00eatre conserv\u00e9 au r\u00e9frig\u00e9rateur et consomm\u00e9 rapidement.<br \/>\nInformations compl\u00e9mentaires : A consommer de pr\u00e9f\u00e9rence avant le : voir la date indiqu\u00e9e sur l&#8217;emballage.<br \/>\nPoids net : 865 gr.<\/p>\n","protected":false},"excerpt":{"rendered":"<p>Ingr\u00e9dients : Cornichons, eau, vinaigre, sucre, sel, aneth, ail, raifort, moutarde, \u00e9pices. Allerg\u00e8nes : Contient de la moutarde, du raifort et de l&rsquo;ail. Conseil d&rsquo;utilisation : Conserver dans un endroit <a class=\"more-link\" href=\"https:\/\/dom-polski.fr\/index.php\/product\/cornichons-krakus-aigres-doux-865-gr\/\">Afficher la suite \u2192<\/a><\/p>\n","protected":false},"featured_media":1559,"comment_status":"open","ping_status":"closed","template":"","meta":{"spay_email":"","jetpack_publicize_message":"","jetpack_is_tweetstorm":false},"aioseo_notices":[],"jetpack_publicize_connections":[],"jetpack_likes_enabled":false,"_links":{"self":[{"href":"https:\/\/dom-polski.fr\/index.php\/wp-json\/wp\/v2\/product\/1558"}],"collection":[{"href":"https:\/\/dom-polski.fr\/index.php\/wp-json\/wp\/v2\/product"}],"about":[{"href":"https:\/\/dom-polski.fr\/index.php\/wp-json\/wp\/v2\/types\/product"}],"replies":[{"embeddable":true,"href":"https:\/\/dom-polski.fr\/index.php\/wp-json\/wp\/v2\/comments?post=1558"}],"wp:featuredmedia":[{"embeddable":true,"href":"https:\/\/dom-polski.fr\/index.php\/wp-json\/wp\/v2\/media\/1559"}],"wp:attachment":[{"href":"https:\/\/dom-polski.fr\/index.php\/wp-json\/wp\/v2\/media?parent=1558"}],"curies":[{"name":"wp","href":"https:\/\/api.w.org\/{rel}","templated":true}]}}