{"id":10494,"date":"2024-02-21T16:00:14","date_gmt":"2024-02-21T15:00:14","guid":{"rendered":"https:\/\/dom-polski.fr\/?post_type=product&#038;p=10494"},"modified":"2024-09-01T13:23:31","modified_gmt":"2024-09-01T11:23:31","slug":"porte-cles-matriochka-2","status":"publish","type":"product","link":"https:\/\/dom-polski.fr\/index.php\/product\/porte-cles-matriochka-2\/","title":{"rendered":"Porte-cl\u00e9s Matriochka"},"content":{"rendered":"<p>Un porte-cl\u00e9s avec trois pendentifs diff\u00e9rents en forme et \u00e0 l&rsquo;image d&rsquo;une matriochka attach\u00e9s \u00e0 la cha\u00eene.<br \/>\nHauteur : 9,5 cm<\/p>\n","protected":false},"excerpt":{"rendered":"<p>Un porte-cl\u00e9s avec trois pendentifs diff\u00e9rents en forme et \u00e0 l&rsquo;image d&rsquo;une matriochka attach\u00e9s \u00e0 la cha\u00eene. Hauteur : 9,5 cm<\/p>\n","protected":false},"featured_media":10495,"comment_status":"open","ping_status":"closed","template":"","meta":{"spay_email":"","jetpack_publicize_message":"","jetpack_is_tweetstorm":false},"aioseo_notices":[],"jetpack_publicize_connections":[],"jetpack_likes_enabled":false,"_links":{"self":[{"href":"https:\/\/dom-polski.fr\/index.php\/wp-json\/wp\/v2\/product\/10494"}],"collection":[{"href":"https:\/\/dom-polski.fr\/index.php\/wp-json\/wp\/v2\/product"}],"about":[{"href":"https:\/\/dom-polski.fr\/index.php\/wp-json\/wp\/v2\/types\/product"}],"replies":[{"embeddable":true,"href":"https:\/\/dom-polski.fr\/index.php\/wp-json\/wp\/v2\/comments?post=10494"}],"wp:featuredmedia":[{"embeddable":true,"href":"https:\/\/dom-polski.fr\/index.php\/wp-json\/wp\/v2\/media\/10495"}],"wp:attachment":[{"href":"https:\/\/dom-polski.fr\/index.php\/wp-json\/wp\/v2\/media?parent=10494"}],"curies":[{"name":"wp","href":"https:\/\/api.w.org\/{rel}","templated":true}]}}