{"id":10486,"date":"2024-02-21T15:40:32","date_gmt":"2024-02-21T14:40:32","guid":{"rendered":"https:\/\/dom-polski.fr\/?post_type=product&#038;p=10486"},"modified":"2024-02-21T15:41:36","modified_gmt":"2024-02-21T14:41:36","slug":"bonnet-blanc-et-rouge-en-polyester-doux-et-agreable-au-toucher","status":"publish","type":"product","link":"https:\/\/dom-polski.fr\/index.php\/product\/bonnet-blanc-et-rouge-en-polyester-doux-et-agreable-au-toucher\/","title":{"rendered":"Bonnet blanc et rouge en polyester doux et agr\u00e9able au toucher."},"content":{"rendered":"<p>Bonnet blanc et rouge en polyester doux et agr\u00e9able au toucher.<\/p>\n<p>L&rsquo;int\u00e9rieur est doubl\u00e9 d&rsquo;une \u00e9ponge.<\/p>\n<p>De plus, la casquette comporte des \u00e9l\u00e9ments patriotiques, tels que l&#8217;embl\u00e8me, l&rsquo;inscription Pologne et les Blancs et Rouges sur le devant.<\/p>\n<p>Produit neuf et de haute qualit\u00e9, parfait pour les fans lors d&rsquo;\u00e9v\u00e9nements sportifs.<\/p>\n<ul>\n<li>couleur :\u00a0<strong>blanc et rouge,<\/strong><\/li>\n<li>hauteur :\u00a0<strong>24 cm,<\/strong><\/li>\n<li>circonf\u00e9rence:\u00a0<strong>58-60 cm,<\/strong><\/li>\n<li>code produit :\u00a0<strong>3434<\/strong>\u00a0.<\/li>\n<\/ul>\n","protected":false},"excerpt":{"rendered":"<p>Bonnet blanc et rouge en polyester doux et agr\u00e9able au toucher. L&rsquo;int\u00e9rieur est doubl\u00e9 d&rsquo;une \u00e9ponge. De plus, la casquette comporte des \u00e9l\u00e9ments patriotiques, tels que l&#8217;embl\u00e8me, l&rsquo;inscription Pologne et <a class=\"more-link\" href=\"https:\/\/dom-polski.fr\/index.php\/product\/bonnet-blanc-et-rouge-en-polyester-doux-et-agreable-au-toucher\/\">Afficher la suite \u2192<\/a><\/p>\n","protected":false},"featured_media":10487,"comment_status":"open","ping_status":"closed","template":"","meta":{"spay_email":"","jetpack_publicize_message":"","jetpack_is_tweetstorm":false},"aioseo_notices":[],"jetpack_publicize_connections":[],"jetpack_likes_enabled":false,"_links":{"self":[{"href":"https:\/\/dom-polski.fr\/index.php\/wp-json\/wp\/v2\/product\/10486"}],"collection":[{"href":"https:\/\/dom-polski.fr\/index.php\/wp-json\/wp\/v2\/product"}],"about":[{"href":"https:\/\/dom-polski.fr\/index.php\/wp-json\/wp\/v2\/types\/product"}],"replies":[{"embeddable":true,"href":"https:\/\/dom-polski.fr\/index.php\/wp-json\/wp\/v2\/comments?post=10486"}],"wp:featuredmedia":[{"embeddable":true,"href":"https:\/\/dom-polski.fr\/index.php\/wp-json\/wp\/v2\/media\/10487"}],"wp:attachment":[{"href":"https:\/\/dom-polski.fr\/index.php\/wp-json\/wp\/v2\/media?parent=10486"}],"curies":[{"name":"wp","href":"https:\/\/api.w.org\/{rel}","templated":true}]}}