{"id":10473,"date":"2024-02-19T16:11:38","date_gmt":"2024-02-19T15:11:38","guid":{"rendered":"https:\/\/dom-polski.fr\/?post_type=product&#038;p=10473"},"modified":"2025-08-25T13:46:40","modified_gmt":"2025-08-25T11:46:40","slug":"oeuf-de-paques-musical","status":"publish","type":"product","link":"https:\/\/dom-polski.fr\/index.php\/product\/oeuf-de-paques-musical\/","title":{"rendered":"\u0152uf de P\u00e2ques Musical"},"content":{"rendered":"<p>\u0152uf en bois musical<br \/>\nHauteur : 10,50 cm<br \/>\nLargeur : 7 cm<\/p>\n","protected":false},"excerpt":{"rendered":"<p>\u0152uf en bois musical Hauteur : 10,50 cm Largeur : 7 cm<\/p>\n","protected":false},"featured_media":10474,"comment_status":"open","ping_status":"closed","template":"","meta":{"spay_email":"","jetpack_publicize_message":"","jetpack_is_tweetstorm":false},"aioseo_notices":[],"jetpack_publicize_connections":[],"jetpack_likes_enabled":false,"_links":{"self":[{"href":"https:\/\/dom-polski.fr\/index.php\/wp-json\/wp\/v2\/product\/10473"}],"collection":[{"href":"https:\/\/dom-polski.fr\/index.php\/wp-json\/wp\/v2\/product"}],"about":[{"href":"https:\/\/dom-polski.fr\/index.php\/wp-json\/wp\/v2\/types\/product"}],"replies":[{"embeddable":true,"href":"https:\/\/dom-polski.fr\/index.php\/wp-json\/wp\/v2\/comments?post=10473"}],"wp:featuredmedia":[{"embeddable":true,"href":"https:\/\/dom-polski.fr\/index.php\/wp-json\/wp\/v2\/media\/10474"}],"wp:attachment":[{"href":"https:\/\/dom-polski.fr\/index.php\/wp-json\/wp\/v2\/media?parent=10473"}],"curies":[{"name":"wp","href":"https:\/\/api.w.org\/{rel}","templated":true}]}}