{"id":10456,"date":"2024-02-15T15:24:54","date_gmt":"2024-02-15T14:24:54","guid":{"rendered":"https:\/\/dom-polski.fr\/?post_type=product&#038;p=10456"},"modified":"2024-10-30T17:34:44","modified_gmt":"2024-10-30T16:34:44","slug":"trousse-lowicz-noir-grand-modele","status":"publish","type":"product","link":"https:\/\/dom-polski.fr\/index.php\/product\/trousse-lowicz-noir-grand-modele\/","title":{"rendered":"Trousse Lowicz noir (grand mod\u00e8le)"},"content":{"rendered":"<p>Cuir synth\u00e9tique noir<br \/>\nInt\u00e9rieur doubl\u00e9<br \/>\nDimensions : 25 x 20 x 8 cm<\/p>\n","protected":false},"excerpt":{"rendered":"<p>Cuir synth\u00e9tique noir Int\u00e9rieur doubl\u00e9 Dimensions : 25 x 20 x 8 cm<\/p>\n","protected":false},"featured_media":10458,"comment_status":"open","ping_status":"closed","template":"","meta":{"spay_email":"","jetpack_publicize_message":"","jetpack_is_tweetstorm":false},"aioseo_notices":[],"jetpack_publicize_connections":[],"jetpack_likes_enabled":false,"_links":{"self":[{"href":"https:\/\/dom-polski.fr\/index.php\/wp-json\/wp\/v2\/product\/10456"}],"collection":[{"href":"https:\/\/dom-polski.fr\/index.php\/wp-json\/wp\/v2\/product"}],"about":[{"href":"https:\/\/dom-polski.fr\/index.php\/wp-json\/wp\/v2\/types\/product"}],"replies":[{"embeddable":true,"href":"https:\/\/dom-polski.fr\/index.php\/wp-json\/wp\/v2\/comments?post=10456"}],"wp:featuredmedia":[{"embeddable":true,"href":"https:\/\/dom-polski.fr\/index.php\/wp-json\/wp\/v2\/media\/10458"}],"wp:attachment":[{"href":"https:\/\/dom-polski.fr\/index.php\/wp-json\/wp\/v2\/media?parent=10456"}],"curies":[{"name":"wp","href":"https:\/\/api.w.org\/{rel}","templated":true}]}}