{"id":10452,"date":"2024-02-15T15:16:56","date_gmt":"2024-02-15T14:16:56","guid":{"rendered":"https:\/\/dom-polski.fr\/?post_type=product&#038;p=10452"},"modified":"2025-03-30T15:23:00","modified_gmt":"2025-03-30T13:23:00","slug":"pochette-lowicz-blanc-moyen","status":"publish","type":"product","link":"https:\/\/dom-polski.fr\/index.php\/product\/pochette-lowicz-blanc-moyen\/","title":{"rendered":"Trousse Lowicz blanc (moyen)"},"content":{"rendered":"<p>Cuir synth\u00e9tique<br \/>\nInt\u00e9rieur doubl\u00e9<br \/>\nDimensions : 15 x 10 x 5 cm<\/p>\n","protected":false},"excerpt":{"rendered":"<p>Cuir synth\u00e9tique Int\u00e9rieur doubl\u00e9 Dimensions : 15 x 10 x 5 cm<\/p>\n","protected":false},"featured_media":10454,"comment_status":"open","ping_status":"closed","template":"","meta":{"spay_email":"","jetpack_publicize_message":"","jetpack_is_tweetstorm":false},"aioseo_notices":[],"jetpack_publicize_connections":[],"jetpack_likes_enabled":false,"_links":{"self":[{"href":"https:\/\/dom-polski.fr\/index.php\/wp-json\/wp\/v2\/product\/10452"}],"collection":[{"href":"https:\/\/dom-polski.fr\/index.php\/wp-json\/wp\/v2\/product"}],"about":[{"href":"https:\/\/dom-polski.fr\/index.php\/wp-json\/wp\/v2\/types\/product"}],"replies":[{"embeddable":true,"href":"https:\/\/dom-polski.fr\/index.php\/wp-json\/wp\/v2\/comments?post=10452"}],"wp:featuredmedia":[{"embeddable":true,"href":"https:\/\/dom-polski.fr\/index.php\/wp-json\/wp\/v2\/media\/10454"}],"wp:attachment":[{"href":"https:\/\/dom-polski.fr\/index.php\/wp-json\/wp\/v2\/media?parent=10452"}],"curies":[{"name":"wp","href":"https:\/\/api.w.org\/{rel}","templated":true}]}}