{"id":10448,"date":"2024-02-15T15:10:14","date_gmt":"2024-02-15T14:10:14","guid":{"rendered":"https:\/\/dom-polski.fr\/?post_type=product&#038;p=10448"},"modified":"2024-03-07T10:40:21","modified_gmt":"2024-03-07T09:40:21","slug":"pochette-lowicz-blanc-grand-modele","status":"publish","type":"product","link":"https:\/\/dom-polski.fr\/index.php\/product\/pochette-lowicz-blanc-grand-modele\/","title":{"rendered":"Trousse Lowicz blanc (grand mod\u00e8le)"},"content":{"rendered":"<p>Cuir synth\u00e9tique<br \/>\nInt\u00e9rieur doubl\u00e9<br \/>\nDimensions : 22 x 15 x 6 cm<\/p>\n","protected":false},"excerpt":{"rendered":"<p>Cuir synth\u00e9tique Int\u00e9rieur doubl\u00e9 Dimensions : 22 x 15 x 6 cm<\/p>\n","protected":false},"featured_media":10451,"comment_status":"open","ping_status":"closed","template":"","meta":{"spay_email":"","jetpack_publicize_message":"","jetpack_is_tweetstorm":false},"aioseo_notices":[],"jetpack_publicize_connections":[],"jetpack_likes_enabled":false,"_links":{"self":[{"href":"https:\/\/dom-polski.fr\/index.php\/wp-json\/wp\/v2\/product\/10448"}],"collection":[{"href":"https:\/\/dom-polski.fr\/index.php\/wp-json\/wp\/v2\/product"}],"about":[{"href":"https:\/\/dom-polski.fr\/index.php\/wp-json\/wp\/v2\/types\/product"}],"replies":[{"embeddable":true,"href":"https:\/\/dom-polski.fr\/index.php\/wp-json\/wp\/v2\/comments?post=10448"}],"wp:featuredmedia":[{"embeddable":true,"href":"https:\/\/dom-polski.fr\/index.php\/wp-json\/wp\/v2\/media\/10451"}],"wp:attachment":[{"href":"https:\/\/dom-polski.fr\/index.php\/wp-json\/wp\/v2\/media?parent=10448"}],"curies":[{"name":"wp","href":"https:\/\/api.w.org\/{rel}","templated":true}]}}