{"id":10330,"date":"2023-12-04T15:04:24","date_gmt":"2023-12-04T14:04:24","guid":{"rendered":"https:\/\/dom-polski.fr\/?post_type=product&#038;p=10330"},"modified":"2024-02-19T19:37:11","modified_gmt":"2024-02-19T18:37:11","slug":"puzzle-educatif-folklore-polonais-200-pieces","status":"publish","type":"product","link":"https:\/\/dom-polski.fr\/index.php\/product\/puzzle-educatif-folklore-polonais-200-pieces\/","title":{"rendered":"Puzzle \u00e9ducatif &#8211; Folklore polonais &#8211; 200 pi\u00e8ces"},"content":{"rendered":"<p><strong><span>Puzzle \u00e9ducatif &#8211; Folklore polonais &#8211; 200 pi\u00e8ces<\/span><\/strong><\/p>\n<p><span>Puzzles \u00e9ducatifs \u2013 Le folklore polonais est un excellent choix pour chaque enfant.\u00a0Gr\u00e2ce \u00e0 eux, les plus jeunes peuvent allier apprentissage et plaisir tout en stimulant leur imagination.\u00a0Nous vous garantissons que les \u00e9nigmes s\u00e9duiront \u00e9galement les plus grands et que les soir\u00e9es avec eux deviendront l&rsquo;occasion de passer du temps ensemble en famille \ud83d\ude09<\/span><\/p>\n<p><span>V\u00e9rifiez les diff\u00e9rences entre les costumes de Haute-Sil\u00e9sie et de Basse-Sil\u00e9sie et l&rsquo;endroit o\u00f9 le costume de \u0141owicz \u00e9tait port\u00e9.\u00a0Assemblez des puzzles et d\u00e9couvrez les costumes folkloriques de certaines r\u00e9gions de Pologne et de nos voisins.\u00a0Les puzzles montrent un total de 42 paires de personnages et 10 maisons caract\u00e9ristiques o\u00f9 ils vivaient.<\/span><\/p>\n<p><span>Gr\u00e2ce \u00e0 nos puzzles \u00e9ducatifs folkloriques, votre enfant partira pour un v\u00e9ritable voyage aux quatre coins de la Pologne !<\/span><\/p>\n<p><strong><span>Puzzle \u00e9ducatif &#8211; Folklore polonais &#8211; 200 pi\u00e8ces :<\/span><\/strong><\/p>\n<ul>\n<li><span>Une id\u00e9e cadeau pour chaque enfant<\/span><\/li>\n<li><span>Ils allient plaisir et apprentissage<\/span><\/li>\n<li><span>Ils enseignent le folklore\u00a0<\/span><\/li>\n<li><span>Stimuler l&rsquo;imagination<\/span><\/li>\n<li><span>Ils pratiquent la perspicacit\u00e9\u00a0<\/span><\/li>\n<li><span>Ils vous aident \u00e0 d\u00e9couvrir les costumes folkloriques\u00a0<\/span><\/li>\n<li><span>Tr\u00e8s amusant pour toute la famille\u00a0<\/span><\/li>\n<\/ul>\n","protected":false},"excerpt":{"rendered":"<p>Puzzle \u00e9ducatif &#8211; Folklore polonais &#8211; 200 pi\u00e8ces Puzzles \u00e9ducatifs \u2013 Le folklore polonais est un excellent choix pour chaque enfant.\u00a0Gr\u00e2ce \u00e0 eux, les plus jeunes peuvent allier apprentissage et <a class=\"more-link\" href=\"https:\/\/dom-polski.fr\/index.php\/product\/puzzle-educatif-folklore-polonais-200-pieces\/\">Afficher la suite \u2192<\/a><\/p>\n","protected":false},"featured_media":10334,"comment_status":"open","ping_status":"closed","template":"","meta":{"spay_email":"","jetpack_publicize_message":"","jetpack_is_tweetstorm":false},"aioseo_notices":[],"jetpack_publicize_connections":[],"jetpack_likes_enabled":false,"_links":{"self":[{"href":"https:\/\/dom-polski.fr\/index.php\/wp-json\/wp\/v2\/product\/10330"}],"collection":[{"href":"https:\/\/dom-polski.fr\/index.php\/wp-json\/wp\/v2\/product"}],"about":[{"href":"https:\/\/dom-polski.fr\/index.php\/wp-json\/wp\/v2\/types\/product"}],"replies":[{"embeddable":true,"href":"https:\/\/dom-polski.fr\/index.php\/wp-json\/wp\/v2\/comments?post=10330"}],"wp:featuredmedia":[{"embeddable":true,"href":"https:\/\/dom-polski.fr\/index.php\/wp-json\/wp\/v2\/media\/10334"}],"wp:attachment":[{"href":"https:\/\/dom-polski.fr\/index.php\/wp-json\/wp\/v2\/media?parent=10330"}],"curies":[{"name":"wp","href":"https:\/\/api.w.org\/{rel}","templated":true}]}}