{"id":10328,"date":"2023-12-04T14:59:49","date_gmt":"2023-12-04T13:59:49","guid":{"rendered":"https:\/\/dom-polski.fr\/?post_type=product&#038;p=10328"},"modified":"2023-12-04T14:59:51","modified_gmt":"2023-12-04T13:59:51","slug":"saliere-et-poivriere-dans-une-boite-cachoube","status":"publish","type":"product","link":"https:\/\/dom-polski.fr\/index.php\/product\/saliere-et-poivriere-dans-une-boite-cachoube\/","title":{"rendered":"Sali\u00e8re et poivri\u00e8re dans une bo\u00eete \u2013 Cachoube"},"content":{"rendered":"<div>\n<p><strong><span>Sali\u00e8re et poivri\u00e8re dans une bo\u00eete \u2013 Cachoube<\/span><\/strong><\/p>\n<p><span>Enfin, on pourra dire que le folklore ajoute du piquant \u00e0 la vie.<\/span><\/p>\n<\/div>\n<div>\n<p><span>L&rsquo;ensemble sali\u00e8re et poivri\u00e8re cachoube est \u00e0 la fois une id\u00e9e de cadeau pratique et un accessoire dont aucune m\u00e9nag\u00e8re plus ou moins parfaite ne peut se passer.\u00a0Une poivri\u00e8re et une sali\u00e8re cachoubes ajouteront de la saveur \u00e0 n&rsquo;importe quel plat cuisin\u00e9, que vous soyez un ma\u00eetre cuisinier en cuisine ou que vous br\u00fbliez m\u00eame de l&rsquo;eau pour le th\u00e9\u00a0\ud83d\ude09<\/span><\/p>\n<p><span>Voici un indice : 3 trous sont une sali\u00e8re et 1 trou est une poivri\u00e8re \ud83d\ude09<\/span><\/p>\n<p><strong><span>Ensemble sali\u00e8re et poivri\u00e8re Pola et Tola dans une bo\u00eete &#8211; Cachoube :\u00a0<\/span><\/strong><\/p>\n<\/div>\n<div>\n<ul>\n<li><span>l&rsquo;ensemble comprend une sali\u00e8re et une poivri\u00e8re<\/span><\/li>\n<li><span>emball\u00e9 dans une bo\u00eete d\u00e9corative cachoube\u00a0<\/span><\/li>\n<li><span>Motif cachoube appliqu\u00e9 autour de chaque sali\u00e8re et poivri\u00e8re\u00a0<\/span><\/li>\n<li><span>La poivri\u00e8re et la sali\u00e8re ont un bouchon en caoutchouc au fond pour vous permettre de verser les \u00e9pices\u00a0<\/span><\/li>\n<li><span>id\u00e9e cadeau parfaite<\/span><\/li>\n<li><span>indispensable dans toute cuisine traditionnelle\u00a0\u00a0<\/span><\/li>\n<\/ul>\n<\/div>\n","protected":false},"excerpt":{"rendered":"<p>Sali\u00e8re et poivri\u00e8re dans une bo\u00eete \u2013 Cachoube Enfin, on pourra dire que le folklore ajoute du piquant \u00e0 la vie. L&rsquo;ensemble sali\u00e8re et poivri\u00e8re cachoube est \u00e0 la fois <a class=\"more-link\" href=\"https:\/\/dom-polski.fr\/index.php\/product\/saliere-et-poivriere-dans-une-boite-cachoube\/\">Afficher la suite \u2192<\/a><\/p>\n","protected":false},"featured_media":10329,"comment_status":"open","ping_status":"closed","template":"","meta":{"spay_email":"","jetpack_publicize_message":"","jetpack_is_tweetstorm":false},"aioseo_notices":[],"jetpack_publicize_connections":[],"jetpack_likes_enabled":false,"_links":{"self":[{"href":"https:\/\/dom-polski.fr\/index.php\/wp-json\/wp\/v2\/product\/10328"}],"collection":[{"href":"https:\/\/dom-polski.fr\/index.php\/wp-json\/wp\/v2\/product"}],"about":[{"href":"https:\/\/dom-polski.fr\/index.php\/wp-json\/wp\/v2\/types\/product"}],"replies":[{"embeddable":true,"href":"https:\/\/dom-polski.fr\/index.php\/wp-json\/wp\/v2\/comments?post=10328"}],"wp:featuredmedia":[{"embeddable":true,"href":"https:\/\/dom-polski.fr\/index.php\/wp-json\/wp\/v2\/media\/10329"}],"wp:attachment":[{"href":"https:\/\/dom-polski.fr\/index.php\/wp-json\/wp\/v2\/media?parent=10328"}],"curies":[{"name":"wp","href":"https:\/\/api.w.org\/{rel}","templated":true}]}}