{"id":10295,"date":"2023-12-03T20:36:56","date_gmt":"2023-12-03T19:36:56","guid":{"rendered":"https:\/\/dom-polski.fr\/?post_type=product&#038;p=10295"},"modified":"2023-12-04T13:39:48","modified_gmt":"2023-12-04T12:39:48","slug":"pantoufle-folklore-lowicz-blanc-37-38","status":"publish","type":"product","link":"https:\/\/dom-polski.fr\/index.php\/product\/pantoufle-folklore-lowicz-blanc-37-38\/","title":{"rendered":"Pantoufle folklore Lowicz blanc 37-38"},"content":{"rendered":"<p><strong>Pantoufles pour femmes &#8211; blanches de \u0141owicz<\/strong><\/p>\n<p>Les chaussons pour femmes &#8211; blancs de \u0141owicz sont doux et agr\u00e9ables au toucher, ce sont des chaussons parfaits pour les soir\u00e9es d&rsquo;automne et d&rsquo;hiver.\u00a0Gr\u00e2ce \u00e0 la semelle souple, elles sont tr\u00e8s confortables et agr\u00e9ables \u00e0 porter.\u00a0\ud83d\ude09<\/p>\n<p>Apportez de la joie et des sourires \u00e0 votre maison &#8211; portez des pantoufles folkloriques et faites sourire les autres membres de la maison<\/p>\n<p><strong>Chaussons pour femmes &#8211; blancs de \u0141owicz :<\/strong><\/p>\n<ul>\n<li>confortable et agr\u00e9able au toucher<\/li>\n<li>d\u00e9cor\u00e9 de fleurs de papier d\u00e9coup\u00e9 de \u0141owicz<\/li>\n<li>semelle souple<\/li>\n<li>parfait pour un cadeau<\/li>\n<li>fera sourire le destinataire<\/li>\n<li>indispensable dans la garde-robe de tout fan de folklore<\/li>\n<li>deux mod\u00e8les au choix<\/li>\n<li>ils s&rsquo;accordent parfaitement avec notre peignoir<\/li>\n<\/ul>\n","protected":false},"excerpt":{"rendered":"<p>Pantoufles pour femmes &#8211; blanches de \u0141owicz Les chaussons pour femmes &#8211; blancs de \u0141owicz sont doux et agr\u00e9ables au toucher, ce sont des chaussons parfaits pour les soir\u00e9es d&rsquo;automne <a class=\"more-link\" href=\"https:\/\/dom-polski.fr\/index.php\/product\/pantoufle-folklore-lowicz-blanc-37-38\/\">Afficher la suite \u2192<\/a><\/p>\n","protected":false},"featured_media":10293,"comment_status":"open","ping_status":"closed","template":"","meta":{"spay_email":"","jetpack_publicize_message":"","jetpack_is_tweetstorm":false},"aioseo_notices":[],"jetpack_publicize_connections":[],"jetpack_likes_enabled":false,"_links":{"self":[{"href":"https:\/\/dom-polski.fr\/index.php\/wp-json\/wp\/v2\/product\/10295"}],"collection":[{"href":"https:\/\/dom-polski.fr\/index.php\/wp-json\/wp\/v2\/product"}],"about":[{"href":"https:\/\/dom-polski.fr\/index.php\/wp-json\/wp\/v2\/types\/product"}],"replies":[{"embeddable":true,"href":"https:\/\/dom-polski.fr\/index.php\/wp-json\/wp\/v2\/comments?post=10295"}],"wp:featuredmedia":[{"embeddable":true,"href":"https:\/\/dom-polski.fr\/index.php\/wp-json\/wp\/v2\/media\/10293"}],"wp:attachment":[{"href":"https:\/\/dom-polski.fr\/index.php\/wp-json\/wp\/v2\/media?parent=10295"}],"curies":[{"name":"wp","href":"https:\/\/api.w.org\/{rel}","templated":true}]}}