{"id":10291,"date":"2023-12-03T20:30:14","date_gmt":"2023-12-03T19:30:14","guid":{"rendered":"https:\/\/dom-polski.fr\/?post_type=product&#038;p=10291"},"modified":"2023-12-04T13:38:14","modified_gmt":"2023-12-04T12:38:14","slug":"pantoufle-folklore-lowicz-35-36","status":"publish","type":"product","link":"https:\/\/dom-polski.fr\/index.php\/product\/pantoufle-folklore-lowicz-35-36\/","title":{"rendered":"Pantoufle folklore Lowicz 35-36"},"content":{"rendered":"<p><strong><span>Pantoufles pour femmes &#8211; blanches de \u0141owicz<\/span><\/strong><\/p>\n<p><span>Les chaussons pour femmes &#8211; blancs de \u0141owicz sont doux et agr\u00e9ables au toucher, ce sont des chaussons parfaits pour les soir\u00e9es d&rsquo;automne et d&rsquo;hiver.\u00a0Gr\u00e2ce \u00e0 la semelle souple, elles sont tr\u00e8s confortables et agr\u00e9ables \u00e0 porter.<\/span><\/p>\n<p><span>Apportez de la joie et des sourires \u00e0 votre maison &#8211; portez des pantoufles folkloriques et faites sourire les autres membres de la maison \ud83d\ude42<\/span><\/p>\n<p><strong><span>Chaussons pour femmes &#8211; blancs de \u0141owicz :<\/span><\/strong><\/p>\n<ul>\n<li><span>confortable et agr\u00e9able au toucher<\/span><\/li>\n<li><span>d\u00e9cor\u00e9 de fleurs de papier d\u00e9coup\u00e9 de \u0141owicz<\/span><\/li>\n<li><span>semelle souple<\/span><\/li>\n<li><span>parfait pour un cadeau<\/span><\/li>\n<li><span>fera sourire le destinataire<\/span><\/li>\n<li><span>indispensable dans la garde-robe de tout fan de folklore<\/span><\/li>\n<li><span>deux mod\u00e8les au choix<\/span><\/li>\n<li><span>ils s&rsquo;accordent parfaitement avec notre peignoir<\/span><\/li>\n<\/ul>\n","protected":false},"excerpt":{"rendered":"<p>Pantoufles pour femmes &#8211; blanches de \u0141owicz Les chaussons pour femmes &#8211; blancs de \u0141owicz sont doux et agr\u00e9ables au toucher, ce sont des chaussons parfaits pour les soir\u00e9es d&rsquo;automne <a class=\"more-link\" href=\"https:\/\/dom-polski.fr\/index.php\/product\/pantoufle-folklore-lowicz-35-36\/\">Afficher la suite \u2192<\/a><\/p>\n","protected":false},"featured_media":10287,"comment_status":"open","ping_status":"closed","template":"","meta":{"spay_email":"","jetpack_publicize_message":"","jetpack_is_tweetstorm":false},"aioseo_notices":[],"jetpack_publicize_connections":[],"jetpack_likes_enabled":false,"_links":{"self":[{"href":"https:\/\/dom-polski.fr\/index.php\/wp-json\/wp\/v2\/product\/10291"}],"collection":[{"href":"https:\/\/dom-polski.fr\/index.php\/wp-json\/wp\/v2\/product"}],"about":[{"href":"https:\/\/dom-polski.fr\/index.php\/wp-json\/wp\/v2\/types\/product"}],"replies":[{"embeddable":true,"href":"https:\/\/dom-polski.fr\/index.php\/wp-json\/wp\/v2\/comments?post=10291"}],"wp:featuredmedia":[{"embeddable":true,"href":"https:\/\/dom-polski.fr\/index.php\/wp-json\/wp\/v2\/media\/10287"}],"wp:attachment":[{"href":"https:\/\/dom-polski.fr\/index.php\/wp-json\/wp\/v2\/media?parent=10291"}],"curies":[{"name":"wp","href":"https:\/\/api.w.org\/{rel}","templated":true}]}}