{"id":10168,"date":"2023-08-18T15:15:32","date_gmt":"2023-08-18T13:15:32","guid":{"rendered":"https:\/\/dom-polski.fr\/?post_type=product&#038;p=10168"},"modified":"2023-08-18T15:15:33","modified_gmt":"2023-08-18T13:15:33","slug":"mug-oblique-fabrique-en-pologne","status":"publish","type":"product","link":"https:\/\/dom-polski.fr\/index.php\/product\/mug-oblique-fabrique-en-pologne\/","title":{"rendered":"Mug oblique fabriqu\u00e9 en Pologne"},"content":{"rendered":"<p><span>Tasse en c\u00e9ramique blanche inclin\u00e9e avec l&rsquo;inscription made in Poland.<br \/>\n<\/span><span>Hauteur : 9 cm.<\/span><\/p>\n","protected":false},"excerpt":{"rendered":"<p>Tasse en c\u00e9ramique blanche inclin\u00e9e avec l&rsquo;inscription made in Poland. Hauteur : 9 cm.<\/p>\n","protected":false},"featured_media":10169,"comment_status":"open","ping_status":"closed","template":"","meta":{"spay_email":"","jetpack_publicize_message":"","jetpack_is_tweetstorm":false},"aioseo_notices":[],"jetpack_publicize_connections":[],"jetpack_likes_enabled":false,"_links":{"self":[{"href":"https:\/\/dom-polski.fr\/index.php\/wp-json\/wp\/v2\/product\/10168"}],"collection":[{"href":"https:\/\/dom-polski.fr\/index.php\/wp-json\/wp\/v2\/product"}],"about":[{"href":"https:\/\/dom-polski.fr\/index.php\/wp-json\/wp\/v2\/types\/product"}],"replies":[{"embeddable":true,"href":"https:\/\/dom-polski.fr\/index.php\/wp-json\/wp\/v2\/comments?post=10168"}],"wp:featuredmedia":[{"embeddable":true,"href":"https:\/\/dom-polski.fr\/index.php\/wp-json\/wp\/v2\/media\/10169"}],"wp:attachment":[{"href":"https:\/\/dom-polski.fr\/index.php\/wp-json\/wp\/v2\/media?parent=10168"}],"curies":[{"name":"wp","href":"https:\/\/api.w.org\/{rel}","templated":true}]}}