{"id":10161,"date":"2023-08-18T15:05:12","date_gmt":"2023-08-18T13:05:12","guid":{"rendered":"https:\/\/dom-polski.fr\/?post_type=product&#038;p=10161"},"modified":"2025-03-15T11:37:38","modified_gmt":"2025-03-15T10:37:38","slug":"porte-cles-matriochka","status":"publish","type":"product","link":"https:\/\/dom-polski.fr\/index.php\/product\/porte-cles-matriochka\/","title":{"rendered":"Porte-cl\u00e9s matriochka"},"content":{"rendered":"<p><span>Un porte-cl\u00e9s sur la cha\u00eene duquel trois \u00e9tiquettes diff\u00e9rentes en forme et avec l&rsquo;image d&rsquo;une matriochka \u00e9taient attach\u00e9es.<br \/>\n<\/span><span>Hauteur : 9,5 cm<\/span><\/p>\n","protected":false},"excerpt":{"rendered":"<p>Un porte-cl\u00e9s sur la cha\u00eene duquel trois \u00e9tiquettes diff\u00e9rentes en forme et avec l&rsquo;image d&rsquo;une matriochka \u00e9taient attach\u00e9es. Hauteur : 9,5 cm<\/p>\n","protected":false},"featured_media":10162,"comment_status":"open","ping_status":"closed","template":"","meta":{"spay_email":"","jetpack_publicize_message":"","jetpack_is_tweetstorm":false},"aioseo_notices":[],"jetpack_publicize_connections":[],"jetpack_likes_enabled":false,"_links":{"self":[{"href":"https:\/\/dom-polski.fr\/index.php\/wp-json\/wp\/v2\/product\/10161"}],"collection":[{"href":"https:\/\/dom-polski.fr\/index.php\/wp-json\/wp\/v2\/product"}],"about":[{"href":"https:\/\/dom-polski.fr\/index.php\/wp-json\/wp\/v2\/types\/product"}],"replies":[{"embeddable":true,"href":"https:\/\/dom-polski.fr\/index.php\/wp-json\/wp\/v2\/comments?post=10161"}],"wp:featuredmedia":[{"embeddable":true,"href":"https:\/\/dom-polski.fr\/index.php\/wp-json\/wp\/v2\/media\/10162"}],"wp:attachment":[{"href":"https:\/\/dom-polski.fr\/index.php\/wp-json\/wp\/v2\/media?parent=10161"}],"curies":[{"name":"wp","href":"https:\/\/api.w.org\/{rel}","templated":true}]}}