{"id":10147,"date":"2023-08-18T14:44:35","date_gmt":"2023-08-18T12:44:35","guid":{"rendered":"https:\/\/dom-polski.fr\/?post_type=product&#038;p=10147"},"modified":"2023-08-18T14:44:35","modified_gmt":"2023-08-18T12:44:35","slug":"aimant-matriochka-2","status":"publish","type":"product","link":"https:\/\/dom-polski.fr\/index.php\/product\/aimant-matriochka-2\/","title":{"rendered":"Aimant Matriochka"},"content":{"rendered":"<p><span>Aimant en c\u00e9ramique avec une image imprim\u00e9e d&rsquo;une poup\u00e9e matriochka.<br \/>\n<\/span><span>Diff\u00e9rents motifs.<br \/>\n<\/span><span>Hauteur : 9,5 cm<\/span><\/p>\n","protected":false},"excerpt":{"rendered":"<p>Aimant en c\u00e9ramique avec une image imprim\u00e9e d&rsquo;une poup\u00e9e matriochka. Diff\u00e9rents motifs. Hauteur : 9,5 cm<\/p>\n","protected":false},"featured_media":10148,"comment_status":"open","ping_status":"closed","template":"","meta":{"spay_email":"","jetpack_publicize_message":"","jetpack_is_tweetstorm":false},"aioseo_notices":[],"jetpack_publicize_connections":[],"jetpack_likes_enabled":false,"_links":{"self":[{"href":"https:\/\/dom-polski.fr\/index.php\/wp-json\/wp\/v2\/product\/10147"}],"collection":[{"href":"https:\/\/dom-polski.fr\/index.php\/wp-json\/wp\/v2\/product"}],"about":[{"href":"https:\/\/dom-polski.fr\/index.php\/wp-json\/wp\/v2\/types\/product"}],"replies":[{"embeddable":true,"href":"https:\/\/dom-polski.fr\/index.php\/wp-json\/wp\/v2\/comments?post=10147"}],"wp:featuredmedia":[{"embeddable":true,"href":"https:\/\/dom-polski.fr\/index.php\/wp-json\/wp\/v2\/media\/10148"}],"wp:attachment":[{"href":"https:\/\/dom-polski.fr\/index.php\/wp-json\/wp\/v2\/media?parent=10147"}],"curies":[{"name":"wp","href":"https:\/\/api.w.org\/{rel}","templated":true}]}}