{"id":10085,"date":"2023-08-13T18:02:04","date_gmt":"2023-08-13T16:02:04","guid":{"rendered":"https:\/\/dom-polski.fr\/?post_type=product&#038;p=10085"},"modified":"2026-04-13T15:28:12","modified_gmt":"2026-04-13T13:28:12","slug":"bigos-500-g-pudliszki","status":"publish","type":"product","link":"https:\/\/dom-polski.fr\/index.php\/product\/bigos-500-g-pudliszki\/","title":{"rendered":"Bigos 500 g Pudliszki"},"content":{"rendered":"<p>Ingr\u00e9dients : Choucroute 34 % (chou blanc, eau, sel), chou blanc frais 29 %, viande de porc 14,5 %, eau, gorge de porc fum\u00e9e 6 % (gorge de porc 85 %, eau, sel, antioxydant : ar\u00f4me E316, stabilisants (E450, E451 , E452), correcteur d&rsquo;acidit\u00e9 : E508, \u00e9paississants (E415, E410, E407a), conservateur : E250, amidon de ma\u00efs modifi\u00e9, fibre de bambou), saucisse 5 % (viande de porc 68%, eau, f\u00e9cule de pomme de terre, sel, fibre de bl\u00e9, \u00e9pices , isolat de prot\u00e9ine de soja, \u00e9paississant : E407, stabilisant : E450, glucose, antioxydant : E301, conservateur : E250), oignon 4 %, concentr\u00e9 de tomate 3%, confiture de prunes, lard de porc, sucre, sel, champignons des bois 0,25 %, sel, \u00e9pices, ar\u00f4me, assaisonnement [maltodextrine, sel, sucre, huile de colza, l\u00e9gumes, \u00e9pices,extrait de levure, ar\u00f4me, exhausteurs de go\u00fbt (5&prime;-ribonucl\u00e9otides disodiques), r\u00e9gulateur d&rsquo;acidit\u00e9 (acide citrique), colorant (riboflavines), ail s\u00e9ch\u00e9.<\/p>\n","protected":false},"excerpt":{"rendered":"<p>Ingr\u00e9dients : Choucroute 34 % (chou blanc, eau, sel), chou blanc frais 29 %, viande de porc 14,5 %, eau, gorge de porc fum\u00e9e 6 % (gorge de porc 85 <a class=\"more-link\" href=\"https:\/\/dom-polski.fr\/index.php\/product\/bigos-500-g-pudliszki\/\">Afficher la suite \u2192<\/a><\/p>\n","protected":false},"featured_media":10086,"comment_status":"open","ping_status":"closed","template":"","meta":{"spay_email":"","jetpack_publicize_message":"","jetpack_is_tweetstorm":false},"aioseo_notices":[],"jetpack_publicize_connections":[],"jetpack_likes_enabled":false,"_links":{"self":[{"href":"https:\/\/dom-polski.fr\/index.php\/wp-json\/wp\/v2\/product\/10085"}],"collection":[{"href":"https:\/\/dom-polski.fr\/index.php\/wp-json\/wp\/v2\/product"}],"about":[{"href":"https:\/\/dom-polski.fr\/index.php\/wp-json\/wp\/v2\/types\/product"}],"replies":[{"embeddable":true,"href":"https:\/\/dom-polski.fr\/index.php\/wp-json\/wp\/v2\/comments?post=10085"}],"wp:featuredmedia":[{"embeddable":true,"href":"https:\/\/dom-polski.fr\/index.php\/wp-json\/wp\/v2\/media\/10086"}],"wp:attachment":[{"href":"https:\/\/dom-polski.fr\/index.php\/wp-json\/wp\/v2\/media?parent=10085"}],"curies":[{"name":"wp","href":"https:\/\/api.w.org\/{rel}","templated":true}]}}