{"id":10075,"date":"2023-08-13T17:10:02","date_gmt":"2023-08-13T15:10:02","guid":{"rendered":"https:\/\/dom-polski.fr\/?post_type=product&#038;p=10075"},"modified":"2024-05-20T13:12:22","modified_gmt":"2024-05-20T11:12:22","slug":"zurek-1-litre-krakus","status":"publish","type":"product","link":"https:\/\/dom-polski.fr\/index.php\/product\/zurek-1-litre-krakus\/","title":{"rendered":"Zurek 1 litre Krakus"},"content":{"rendered":"<p>\u017burek est le go\u00fbt de P\u00e2ques polonais.\u017burek Krakus &#8211; \u00e0 base de farine de bl\u00e9 et de seigle, sans conservateurs, sur du levain naturel &#8211; est une d\u00e9licieuse soupe que vous m\u00e9ritez non seulement pendant les vacances.\u00a0Gr\u00e2ce \u00e0 une recette qui a fait ses preuves depuis des ann\u00e9es, la soupe de seigle aigre Krakus ravit par son go\u00fbt prononc\u00e9 et sa texture velout\u00e9e.\u00a0Il est parfait pour un d\u00eener festif et pour une soir\u00e9e \u00e0 la maison avec des \u00eatres chers.\u00a0Vous pouvez le servir solennellement, dans un pain \u00e9vid\u00e9, avec un \u0153uf, du saucisson et une pinc\u00e9e de marjolaine&#8230; Et au quotidien, vous pouvez le boire \u00e0 la tasse, sans aucun ajout, uniquement avec de la farine compl\u00e8te fra\u00eeche \u00e0 croquer .\u00a0Parce que la soupe de seigle aigre Krakus n&rsquo;a pas besoin de compagnie pour en profiter.<\/p>\n","protected":false},"excerpt":{"rendered":"<p>Ingr\u00e9dients : Eau, pur\u00e9es de l\u00e9gumes en proportion variable (4 %) (d&rsquo;oignon, pomme de terre), farine : seigle et bl\u00e9 (contiennent du gluten), levain naturel de seigle (1 %) (gluten), graisse de porc, lactos\u00e9rum (lait, lactose), sel , lactose (lait), prot\u00e9ines de lait, lait \u00e9cr\u00e9m\u00e9 en poudre, extrait de champignon, \u00e9pices et extraits d&rsquo;\u00e9pices, marjolaine (0,05 %), r\u00e9gulateurs d&rsquo;acidit\u00e9 &#8211; acide lactique et acide citrique, ar\u00f4mes de fum\u00e9e, ar\u00f4mes (contiennent c\u00e9leri, lactose). <a class=\"more-link\" href=\"https:\/\/dom-polski.fr\/index.php\/product\/zurek-1-litre-krakus\/\">Afficher la suite \u2192<\/a><\/p>\n","protected":false},"featured_media":10076,"comment_status":"open","ping_status":"closed","template":"","meta":{"spay_email":"","jetpack_publicize_message":"","jetpack_is_tweetstorm":false},"aioseo_notices":[],"jetpack_publicize_connections":[],"jetpack_likes_enabled":false,"_links":{"self":[{"href":"https:\/\/dom-polski.fr\/index.php\/wp-json\/wp\/v2\/product\/10075"}],"collection":[{"href":"https:\/\/dom-polski.fr\/index.php\/wp-json\/wp\/v2\/product"}],"about":[{"href":"https:\/\/dom-polski.fr\/index.php\/wp-json\/wp\/v2\/types\/product"}],"replies":[{"embeddable":true,"href":"https:\/\/dom-polski.fr\/index.php\/wp-json\/wp\/v2\/comments?post=10075"}],"wp:featuredmedia":[{"embeddable":true,"href":"https:\/\/dom-polski.fr\/index.php\/wp-json\/wp\/v2\/media\/10076"}],"wp:attachment":[{"href":"https:\/\/dom-polski.fr\/index.php\/wp-json\/wp\/v2\/media?parent=10075"}],"curies":[{"name":"wp","href":"https:\/\/api.w.org\/{rel}","templated":true}]}}