{"id":10072,"date":"2023-08-13T16:57:14","date_gmt":"2023-08-13T14:57:14","guid":{"rendered":"https:\/\/dom-polski.fr\/?post_type=product&#038;p=10072"},"modified":"2026-04-13T15:28:27","modified_gmt":"2026-04-13T13:28:27","slug":"marmelade-de-pruneaux-herbapol-290-g","status":"publish","type":"product","link":"https:\/\/dom-polski.fr\/index.php\/product\/marmelade-de-pruneaux-herbapol-290-g\/","title":{"rendered":"Marmelade de pruneaux Herbapol 290 g"},"content":{"rendered":"<p>Le compl\u00e9ment parfait aux sandwichs, cr\u00eapes, gaufres, g\u00e2teaux et bien d&rsquo;autres plats.<\/p>\n","protected":false},"excerpt":{"rendered":"<p>Ingr\u00e9dients : Prunes hongroises, sucre.\u00a0Fabriqu\u00e9 avec 182 g de fruits pour 100 g de produit. Les produits de fruits peuvent contenir des r\u00e9sidus de noyaux. <a class=\"more-link\" href=\"https:\/\/dom-polski.fr\/index.php\/product\/marmelade-de-pruneaux-herbapol-290-g\/\">Afficher la suite \u2192<\/a><\/p>\n","protected":false},"featured_media":10073,"comment_status":"open","ping_status":"closed","template":"","meta":{"spay_email":"","jetpack_publicize_message":"","jetpack_is_tweetstorm":false},"aioseo_notices":[],"jetpack_publicize_connections":[],"jetpack_likes_enabled":false,"_links":{"self":[{"href":"https:\/\/dom-polski.fr\/index.php\/wp-json\/wp\/v2\/product\/10072"}],"collection":[{"href":"https:\/\/dom-polski.fr\/index.php\/wp-json\/wp\/v2\/product"}],"about":[{"href":"https:\/\/dom-polski.fr\/index.php\/wp-json\/wp\/v2\/types\/product"}],"replies":[{"embeddable":true,"href":"https:\/\/dom-polski.fr\/index.php\/wp-json\/wp\/v2\/comments?post=10072"}],"wp:featuredmedia":[{"embeddable":true,"href":"https:\/\/dom-polski.fr\/index.php\/wp-json\/wp\/v2\/media\/10073"}],"wp:attachment":[{"href":"https:\/\/dom-polski.fr\/index.php\/wp-json\/wp\/v2\/media?parent=10072"}],"curies":[{"name":"wp","href":"https:\/\/api.w.org\/{rel}","templated":true}]}}