{"id":10070,"date":"2023-08-13T16:49:43","date_gmt":"2023-08-13T14:49:43","guid":{"rendered":"https:\/\/dom-polski.fr\/?post_type=product&#038;p=10070"},"modified":"2024-04-25T15:52:55","modified_gmt":"2024-04-25T13:52:55","slug":"gelee-a-la-framboise-winiary-71-g","status":"publish","type":"product","link":"https:\/\/dom-polski.fr\/index.php\/product\/gelee-a-la-framboise-winiary-71-g\/","title":{"rendered":"Gel\u00e9e \u00e0 la framboise Winiary 71 g"},"content":{"rendered":"<p><span>Reine des desserts du frigo !\u00a0<\/span><span>C&rsquo;est de la gel\u00e9e de framboise Winiary.\u00a0<\/span><span>Il a bon go\u00fbt et sent bon.\u00a0<\/span><span>C&rsquo;est un choix id\u00e9al pour le dessert, et gr\u00e2ce \u00e0 sa belle apparence, il peut \u00eatre utilis\u00e9 pour d\u00e9corer des g\u00e2teaux et des desserts aux fruits.\u00a0<\/span><span>Et si vous ajoutez votre fruit pr\u00e9f\u00e9r\u00e9 ou votre cr\u00e8me fouett\u00e9e \u00e0 la gel\u00e9e, vous obtiendrez une combinaison extr\u00eamement d\u00e9licieuse.\u00a0<\/span><span>Gel\u00e9e Winiary &#8211; une invitation au pays des desserts.<\/span><\/p>\n","protected":false},"excerpt":{"rendered":"<p>Ingr\u00e9dients : Sucre, g\u00e9latine, correcteur d&rsquo;acidit\u00e9 (acide citrique), concentr\u00e9s v\u00e9g\u00e9taux (hibiscus et carotte, patate douce, radis, cerise, pomme), ar\u00f4me, maltodextrine. <a class=\"more-link\" href=\"https:\/\/dom-polski.fr\/index.php\/product\/gelee-a-la-framboise-winiary-71-g\/\">Afficher la suite \u2192<\/a><\/p>\n","protected":false},"featured_media":10071,"comment_status":"open","ping_status":"closed","template":"","meta":{"spay_email":"","jetpack_publicize_message":"","jetpack_is_tweetstorm":false},"aioseo_notices":[],"jetpack_publicize_connections":[],"jetpack_likes_enabled":false,"_links":{"self":[{"href":"https:\/\/dom-polski.fr\/index.php\/wp-json\/wp\/v2\/product\/10070"}],"collection":[{"href":"https:\/\/dom-polski.fr\/index.php\/wp-json\/wp\/v2\/product"}],"about":[{"href":"https:\/\/dom-polski.fr\/index.php\/wp-json\/wp\/v2\/types\/product"}],"replies":[{"embeddable":true,"href":"https:\/\/dom-polski.fr\/index.php\/wp-json\/wp\/v2\/comments?post=10070"}],"wp:featuredmedia":[{"embeddable":true,"href":"https:\/\/dom-polski.fr\/index.php\/wp-json\/wp\/v2\/media\/10071"}],"wp:attachment":[{"href":"https:\/\/dom-polski.fr\/index.php\/wp-json\/wp\/v2\/media?parent=10070"}],"curies":[{"name":"wp","href":"https:\/\/api.w.org\/{rel}","templated":true}]}}