{"id":10067,"date":"2023-08-13T16:43:37","date_gmt":"2023-08-13T14:43:37","guid":{"rendered":"https:\/\/dom-polski.fr\/?post_type=product&#038;p=10067"},"modified":"2024-08-14T12:44:45","modified_gmt":"2024-08-14T10:44:45","slug":"gelee-citron-winiary-71-g","status":"publish","type":"product","link":"https:\/\/dom-polski.fr\/index.php\/product\/gelee-citron-winiary-71-g\/","title":{"rendered":"Gel\u00e9e citron Winiary 71 g"},"content":{"rendered":"<p><span>Vous cherchez une id\u00e9e pour un dessert simple et d\u00e9licieux ?\u00a0<\/span><span>Optez pour la gel\u00e9e de citron Winiary !\u00a0<\/span><span>Il est extr\u00eamement facile \u00e0 pr\u00e9parer et fonctionnera \u00e0 la fois comme une g\u00e2terie sucr\u00e9e pour les enfants et les adultes.\u00a0<\/span><span>La gel\u00e9e Winiary ne contient pas de colorants artificiels.\u00a0<\/span><span>Il a bon go\u00fbt et sent bon.\u00a0<\/span><span>C&rsquo;est un choix id\u00e9al pour le dessert, et gr\u00e2ce \u00e0 sa belle apparence, il peut \u00eatre utilis\u00e9 pour d\u00e9corer des g\u00e2teaux et des desserts aux fruits.\u00a0<\/span><span>Gel\u00e9e Winiary &#8211; pour les amateurs de saveurs de fruits.<\/span><\/p>\n","protected":false},"excerpt":{"rendered":"<p>Ingr\u00e9dients : Sucre, g\u00e9latine, correcteur d&rsquo;acidit\u00e9 (acide citrique), ar\u00f4me, colorant (curcumine). <a class=\"more-link\" href=\"https:\/\/dom-polski.fr\/index.php\/product\/gelee-citron-winiary-71-g\/\">Afficher la suite \u2192<\/a><\/p>\n","protected":false},"featured_media":10068,"comment_status":"open","ping_status":"closed","template":"","meta":{"spay_email":"","jetpack_publicize_message":"","jetpack_is_tweetstorm":false},"aioseo_notices":[],"jetpack_publicize_connections":[],"jetpack_likes_enabled":false,"_links":{"self":[{"href":"https:\/\/dom-polski.fr\/index.php\/wp-json\/wp\/v2\/product\/10067"}],"collection":[{"href":"https:\/\/dom-polski.fr\/index.php\/wp-json\/wp\/v2\/product"}],"about":[{"href":"https:\/\/dom-polski.fr\/index.php\/wp-json\/wp\/v2\/types\/product"}],"replies":[{"embeddable":true,"href":"https:\/\/dom-polski.fr\/index.php\/wp-json\/wp\/v2\/comments?post=10067"}],"wp:featuredmedia":[{"embeddable":true,"href":"https:\/\/dom-polski.fr\/index.php\/wp-json\/wp\/v2\/media\/10068"}],"wp:attachment":[{"href":"https:\/\/dom-polski.fr\/index.php\/wp-json\/wp\/v2\/media?parent=10067"}],"curies":[{"name":"wp","href":"https:\/\/api.w.org\/{rel}","templated":true}]}}