{"id":10002,"date":"2023-07-27T14:59:50","date_gmt":"2023-07-27T12:59:50","guid":{"rendered":"https:\/\/dom-polski.fr\/?post_type=product&#038;p=10002"},"modified":"2023-07-27T14:59:51","modified_gmt":"2023-07-27T12:59:51","slug":"chale-a-carreaux-blanc-et-noir","status":"publish","type":"product","link":"https:\/\/dom-polski.fr\/index.php\/product\/chale-a-carreaux-blanc-et-noir\/","title":{"rendered":"Ch\u00e2le \u00e0 carreaux blanc et noir"},"content":{"rendered":"<p>ARAFATKS \u00e0 la mode dans de belles couleurs vives.\u00a0Nos \u00e9charpes sont douces, agr\u00e9ables au toucher, et surtout, elles sont en viscose de bonne qualit\u00e9.<br \/>\nLe ch\u00e2le a des franges sur deux c\u00f4t\u00e9s et les coins sont finis avec des tresses tress\u00e9es.<br \/>\nLes foulards sont r\u00e9versibles, ne se teignent pas, \u00e0 porter toute l&rsquo;ann\u00e9e, que ce soit sur la t\u00eate ou autour du cou, parfaits pour toutes les tenues.<br \/>\nLes couleurs vives rendent nos foulards tr\u00e8s flatteurs.<br \/>\nCaract\u00e9ristiques du produit :<br \/>\nCouleur :\u00a0\u00a0Blanc et noir<br \/>\nDimensions foulard : \u00a0100 cm x 100 cm (+\/- 2 cm)<br \/>\nMati\u00e8re : \u00a0100 % Viscose<\/p>\n","protected":false},"excerpt":{"rendered":"<p>ARAFATKS \u00e0 la mode dans de belles couleurs vives.\u00a0Nos \u00e9charpes sont douces, agr\u00e9ables au toucher, et surtout, elles sont en viscose de bonne qualit\u00e9. Le ch\u00e2le a des franges sur <a class=\"more-link\" href=\"https:\/\/dom-polski.fr\/index.php\/product\/chale-a-carreaux-blanc-et-noir\/\">Afficher la suite \u2192<\/a><\/p>\n","protected":false},"featured_media":10003,"comment_status":"open","ping_status":"closed","template":"","meta":{"spay_email":"","jetpack_publicize_message":"","jetpack_is_tweetstorm":false},"aioseo_notices":[],"jetpack_publicize_connections":[],"jetpack_likes_enabled":false,"_links":{"self":[{"href":"https:\/\/dom-polski.fr\/index.php\/wp-json\/wp\/v2\/product\/10002"}],"collection":[{"href":"https:\/\/dom-polski.fr\/index.php\/wp-json\/wp\/v2\/product"}],"about":[{"href":"https:\/\/dom-polski.fr\/index.php\/wp-json\/wp\/v2\/types\/product"}],"replies":[{"embeddable":true,"href":"https:\/\/dom-polski.fr\/index.php\/wp-json\/wp\/v2\/comments?post=10002"}],"wp:featuredmedia":[{"embeddable":true,"href":"https:\/\/dom-polski.fr\/index.php\/wp-json\/wp\/v2\/media\/10003"}],"wp:attachment":[{"href":"https:\/\/dom-polski.fr\/index.php\/wp-json\/wp\/v2\/media?parent=10002"}],"curies":[{"name":"wp","href":"https:\/\/api.w.org\/{rel}","templated":true}]}}