{"id":78,"date":"2018-01-19T17:50:25","date_gmt":"2018-01-19T16:50:25","guid":{"rendered":"https:\/\/polskamania.000webhostapp.com\/?page_id=78"},"modified":"2018-08-03T10:52:06","modified_gmt":"2018-08-03T08:52:06","slug":"commande-et-paiement","status":"publish","type":"page","link":"https:\/\/dom-polski.fr\/index.php\/commande-et-paiement\/","title":{"rendered":"Commande et paiement"},"content":{"rendered":"<p><strong>Comment commander\u00a0?<\/strong><\/p>\n<p>Afin de commander vos produits sur le site\u00a0<a href=\"https:\/\/www.polskamania.fr\/\">https:\/\/www.dom-polski.fr,<\/a>\u00a0il faut accomplir cinq \u00e9tapes tr\u00e8s rapides\u00a0:<\/p>\n<ol>\n<li>La commande \u00e0 proprement parler,<\/li>\n<li>L\u2019identification de votre adresse \u00e9lectronique afin de pouvoir vous envoyer votre facture et d\u2019\u00e9ventuelles informations relatives \u00e0 votre commande,<\/li>\n<li>L\u2019identification de votre adresse postale afin de vous envoyer votre colis. Vous pourrez ajouter une autre adresse si vous souhaitez recevoir votre colis en dehors de votre domicile,<\/li>\n<li>La lecture des Conditions G\u00e9n\u00e9rales de Vente que nous avons \u00e9tablies et qui r\u00e9capitulent point par point les r\u00e8gles d\u2019achat valables sur notre site de vente en ligne,<\/li>\n<li>Le paiement de votre commande, qui peut s\u2019effectuer par\u00a0trois moyens diff\u00e9rents (voir ci-dessous). Il est \u00e0 noter que, selon le moyen de paiement choisi, votre colis qui est trait\u00e9 d\u00e8s r\u00e9ception du paiement, vous sera cons\u00e9quent envoy\u00e9 plus ou moins rapidement.<\/li>\n<\/ol>\n<p><strong>Les moyens de paiement :<\/strong><\/p>\n<p>Plusieurs moyens de paiement s\u2019offrent \u00e0 vous. Nous vous rappelons que, selon le moyen de paiement choisi, votre colis, qui est trait\u00e9 d\u00e8s r\u00e9ception du paiement, vous sera par cons\u00e9quent plus ou moins rapidement. Vous pouvez opter pour le paiement\u00a0:<\/p>\n<ul style=\"list-style-type: square;\">\n<li><strong>Par Paypal.<\/strong> Dans ce cas, vous serez redirig\u00e9 sur le site Paypal. Il s\u2019agit d\u2019une plateforme qui vous garantit un degr\u00e9 de s\u00e9curit\u00e9 optimal. Le service que vous propose Paypal est de payer en ligne sans nous communiquer vos donn\u00e9es financi\u00e8res. Vous n\u2019\u00eates pas tenu de poss\u00e9der un compte Paypal pour r\u00e9gler votre commande. En effet, vous avez la possibilit\u00e9 de payer par carte bancaire\u00a0: Paypal accepte CB, Visa, MasterCard, Am\u00e9rican Express, Aurore, 4\u00e9toiles, Cofinoga et Privil\u00e8ges.<\/li>\n<li><strong>Par virement bancaire<\/strong>. Par ce moyen, le traitement est effectu\u00e9 \u00e9lectroniquement par la ou les banques concern\u00e9es.<\/li>\n<li><strong>Par ch\u00e8que bancaire<\/strong>. Ce choix implique l\u2019envoi postal de votre ch\u00e8que suivi de son encaissement, ce qui engendre une dur\u00e9e de traitement de l\u2019op\u00e9ration plus longue. Le ch\u00e8que devra \u00eatre \u00e9tabli \u00e0 l&rsquo;ordre de Dom Polski et envoy\u00e9 \u00e0 l&rsquo;adresse ci-dessous :<\/li>\n<\/ul>\n<p style=\"text-align: center;\">DOM POLSKI<br \/>\n12 Place Jean Jaur\u00e8s<br \/>\n62 110 HENIN-BEAUMONT<\/p>\n<p>Tous nos paiements sont s\u00e9curis\u00e9s par\u00a0<a href=\"http:\/\/www.paypal.fr\/\" target=\"_blank\" rel=\"noopener\">PAYPAL<\/a>.<\/p>\n<p>Par ch\u00e8que personnel (fran\u00e7ais) \u00e0 l&rsquo;ordre de Dom Polski.<\/p>\n","protected":false},"excerpt":{"rendered":"<p>Comment commander\u00a0? Afin de commander vos produits sur le site\u00a0https:\/\/www.dom-polski.fr,\u00a0il faut accomplir cinq \u00e9tapes tr\u00e8s rapides\u00a0: La commande \u00e0 proprement parler, L\u2019identification de votre adresse \u00e9lectronique afin de pouvoir vous <a class=\"more-link\" href=\"https:\/\/dom-polski.fr\/index.php\/commande-et-paiement\/\">Afficher la suite \u2192<\/a><\/p>\n","protected":false},"author":1,"featured_media":0,"parent":0,"menu_order":0,"comment_status":"closed","ping_status":"closed","template":"","meta":{"spay_email":""},"aioseo_notices":[],"jetpack_shortlink":"https:\/\/wp.me\/P9CwUv-1g","jetpack_likes_enabled":false,"_links":{"self":[{"href":"https:\/\/dom-polski.fr\/index.php\/wp-json\/wp\/v2\/pages\/78"}],"collection":[{"href":"https:\/\/dom-polski.fr\/index.php\/wp-json\/wp\/v2\/pages"}],"about":[{"href":"https:\/\/dom-polski.fr\/index.php\/wp-json\/wp\/v2\/types\/page"}],"author":[{"embeddable":true,"href":"https:\/\/dom-polski.fr\/index.php\/wp-json\/wp\/v2\/users\/1"}],"replies":[{"embeddable":true,"href":"https:\/\/dom-polski.fr\/index.php\/wp-json\/wp\/v2\/comments?post=78"}],"version-history":[{"count":5,"href":"https:\/\/dom-polski.fr\/index.php\/wp-json\/wp\/v2\/pages\/78\/revisions"}],"predecessor-version":[{"id":1150,"href":"https:\/\/dom-polski.fr\/index.php\/wp-json\/wp\/v2\/pages\/78\/revisions\/1150"}],"wp:attachment":[{"href":"https:\/\/dom-polski.fr\/index.php\/wp-json\/wp\/v2\/media?parent=78"}],"curies":[{"name":"wp","href":"https:\/\/api.w.org\/{rel}","templated":true}]}}