{"id":74,"date":"2018-01-19T17:33:35","date_gmt":"2018-01-19T16:33:35","guid":{"rendered":"https:\/\/polskamania.000webhostapp.com\/?page_id=74"},"modified":"2019-01-27T19:13:53","modified_gmt":"2019-01-27T18:13:53","slug":"contenu-des-informations","status":"publish","type":"page","link":"https:\/\/dom-polski.fr\/index.php\/contenu-des-informations\/","title":{"rendered":"Contenu des informations"},"content":{"rendered":"<p>Les informations contenues sur le site <a href=\"http:\/\/dom-polski.fr\">https:\/\/dom-polski.fr<\/a>\u00a0sont soumises \u00e0 la loi fran\u00e7aise et sont fournies sans garanties d\u2019aucune sorte, ni explicites, ni tacites. Ces informations peuvent contenir des inexactitudes techniques ou des erreurs typographiques. Ces informations sont non contractuelles et sujettes \u00e0 modification sans pr\u00e9avis par M. ANTOCHEWICZ J\u00e9r\u00f4me.<\/p>\n<p>En utilisant ce site, le visiteur reconna\u00eet avoir pris connaissance de cet avertissement. L\u2019ensemble des contenues, pages scripts, ic\u00f4nes de ce site sont la propri\u00e9t\u00e9 exclusive de <a href=\"https:\/\/dom-polski.fr\">dom-polski.fr<\/a>. Toute production, reproduction ou repr\u00e9sentation de ce site, en tout ou partie, sur quelque support que ce soit, est strictement interdite sans autorisation pr\u00e9alable du g\u00e9rant du site <a href=\"http:\/\/dom-polski.fr\">https:\/\/dom-polski.fr<\/a>. Le non-respect de cette interdiction constitue une contrefa\u00e7on pouvant engager la responsabilit\u00e9 civile et p\u00e9nale du contrefacteur.<\/p>\n<p>Il est strictement interdit d\u2019utiliser ou de reproduire le nom de Dom-Polski.fr et\/ou son logo ainsi que toutes les marques, dessins ou mod\u00e8les cit\u00e9s et\/ou pr\u00e9sent\u00e9 sur le site <a href=\"http:\/\/dom-polski.fr\">https:\/\/dom-polski.fr<\/a>\u00a0ou tout autre site li\u00e9, \u00e0 quelque titre que ce soit et notamment \u00e0 des fins publicitaires sans l\u2019accord pr\u00e9alable \u00e9crit du g\u00e9rant de <a href=\"https:\/\/dom-polski.fr\">dom-polski.fr<\/a>.<\/p>\n<p>En aucun cas, M. J\u00e9r\u00f4me ANTOCHEWICZ et <a href=\"https:\/\/dom-polski.fr\">Dom-Polski.fr<\/a> ne peuvent \u00eatre tenus responsables des dommages quelconques, directs ou indirects, mat\u00e9riels ou immat\u00e9riels ou sp\u00e9ciaux, r\u00e9sultant notamment de la consultation et\/ou de l\u2019utilisation par quiconque de ce site ou de tout autre site li\u00e9, comme des utilisations d\u2019informations textuelles, sonores ou visuelles qui auraient pu \u00eatre recueillies et notamment de tout pr\u00e9judice financier ou commercial, de pertes de programmes ou de donn\u00e9es dans tout syst\u00e8me d\u2019information ou autre.<\/p>\n<p>M. J\u00e9r\u00f4me ANTOCHEWICZ et <a href=\"https:\/\/dom-polski.fr\">dom-polski.fr<\/a> ne sont pas davantage responsables du contenu de tout autre site auquel les internautes pourront avoir acc\u00e8s via le site\u00a0<a href=\"http:\/\/dom-polski.fr\">https:\/\/dom-polski.fr<\/a>.<\/p>\n<p><strong><em>Droits de l\u2019internaute et loi Informatique et Libert\u00e9s<\/em><\/strong><\/p>\n<p>En application de la loi 78-17 du 6 Janvier 1978 relative \u00e0 l\u2019informatique, aux fichiers et aux libert\u00e9s, vous \u00eates inform\u00e9(e) que les r\u00e9ponses aux questions pos\u00e9es sont facultatives \u00e0 l\u2019exception de celles marqu\u00e9es d\u2019une \u00e9toile. Toutes les informations collect\u00e9es sont destin\u00e9es exclusivement \u00e0 <a href=\"https:\/\/dom-polski.fr\">dom-polski.fr<\/a> et ne seront en aucun cas transmises \u00e0 nos partenaires sans votre accord \u00e9crit pr\u00e9alable. Vous \u00eates habilit\u00e9 \u00e0 en obtenir communication dans les conditions pr\u00e9vues au chapitre 5 de la loi pr\u00e9cit\u00e9e et \u00e0 demander toutes rectifications aupr\u00e8s de <a href=\"https:\/\/dom-polski.fr\">dom-polski.fr<\/a>.<\/p>\n","protected":false},"excerpt":{"rendered":"<p>Les informations contenues sur le site https:\/\/dom-polski.fr\u00a0sont soumises \u00e0 la loi fran\u00e7aise et sont fournies sans garanties d\u2019aucune sorte, ni explicites, ni tacites. Ces informations peuvent contenir des inexactitudes techniques <a class=\"more-link\" href=\"https:\/\/dom-polski.fr\/index.php\/contenu-des-informations\/\">Afficher la suite \u2192<\/a><\/p>\n","protected":false},"author":1,"featured_media":0,"parent":0,"menu_order":0,"comment_status":"closed","ping_status":"closed","template":"","meta":{"spay_email":""},"aioseo_notices":[],"jetpack_shortlink":"https:\/\/wp.me\/P9CwUv-1c","jetpack_likes_enabled":false,"_links":{"self":[{"href":"https:\/\/dom-polski.fr\/index.php\/wp-json\/wp\/v2\/pages\/74"}],"collection":[{"href":"https:\/\/dom-polski.fr\/index.php\/wp-json\/wp\/v2\/pages"}],"about":[{"href":"https:\/\/dom-polski.fr\/index.php\/wp-json\/wp\/v2\/types\/page"}],"author":[{"embeddable":true,"href":"https:\/\/dom-polski.fr\/index.php\/wp-json\/wp\/v2\/users\/1"}],"replies":[{"embeddable":true,"href":"https:\/\/dom-polski.fr\/index.php\/wp-json\/wp\/v2\/comments?post=74"}],"version-history":[{"count":7,"href":"https:\/\/dom-polski.fr\/index.php\/wp-json\/wp\/v2\/pages\/74\/revisions"}],"predecessor-version":[{"id":1618,"href":"https:\/\/dom-polski.fr\/index.php\/wp-json\/wp\/v2\/pages\/74\/revisions\/1618"}],"wp:attachment":[{"href":"https:\/\/dom-polski.fr\/index.php\/wp-json\/wp\/v2\/media?parent=74"}],"curies":[{"name":"wp","href":"https:\/\/api.w.org\/{rel}","templated":true}]}}