{"id":46,"date":"2018-01-18T20:56:09","date_gmt":"2018-01-18T19:56:09","guid":{"rendered":"https:\/\/polskamania.000webhostapp.com\/?page_id=46"},"modified":"2018-08-03T11:17:03","modified_gmt":"2018-08-03T09:17:03","slug":"conditions-de-livraison","status":"publish","type":"page","link":"https:\/\/dom-polski.fr\/index.php\/conditions-de-livraison\/","title":{"rendered":"Conditions de livraison"},"content":{"rendered":"<p align=\"justify\"><em><strong>L\u2019exp\u00e9dition de votre colis<\/strong><\/em><\/p>\n<p align=\"justify\">Pour les commandes dont les produits sont en stock, les colis sont pr\u00e9par\u00e9s et exp\u00e9di\u00e9s\u00a0entre 48h\/72 heures qui suivent la confirmation de commande (hors week-end et jours f\u00e9ri\u00e9s). D\u00e8s que l\u2019exp\u00e9dition est effectu\u00e9e ou si un retard intervient dans l\u2019exp\u00e9dition, l\u2019Acheteur est syst\u00e9matiquement pr\u00e9venu par e-mail.<\/p>\n<p align=\"justify\">Les colis sont surdimensionn\u00e9s et prot\u00e9g\u00e9s. Un soin particulier est apport\u00e9 au colis contenant des produits fragiles. Si vous souhaitez une remise avec signature, un co\u00fbt suppl\u00e9mentaire s\u2019applique, merci de nous contacter. Quelque soit le mode d\u2019exp\u00e9dition choisi, vous pourrez suivre en ligne la livraison de votre colis via ce lien de La Poste :<\/p>\n<p align=\"justify\"><a href=\"http:\/\/www.colissimo.fr\/aprticulier\/home.jsp\">http:\/\/www.colissimo.fr\/aprticulier\/home.jsp<\/a>.<\/p>\n<p align=\"justify\">Les frais d\u2019exp\u00e9dition comprennent l\u2019emballage, la manutention et les frais postaux. Nous vous conseillons de regrouper vos achats en une commande unique. Nous ne pouvons pas grouper deux commandes distinctes et vous devez alors vous acquitter des frais de port pour chacune d\u2019entre-elles.<\/p>\n<p align=\"justify\">La livraison sera effectu\u00e9e \u00e0 l\u2019adresse indiqu\u00e9e par l\u2019Acheteur lors de sa commande.<\/p>\n<p align=\"justify\">Sauf cas particulier ou indisponibilit\u00e9 d\u2019un ou plusieurs produits, les produits command\u00e9s seront livr\u00e9s en une seule fois.<\/p>\n<p align=\"justify\">Nous nous engageons \u00e0 faire nos meilleurs efforts pour livrer les produits command\u00e9s dans les d\u00e9lais ci-dessus pr\u00e9cis\u00e9s. Toutefois, un d\u00e9passement \u00e9ventuel de ces d\u00e9lais ne pourra donner lieu \u00e0 aucun dommage et int\u00e9r\u00eats, retenue ou annulation de la commande par l\u2019Acheteur, d\u00e8s lors qu\u2019il n\u2019exc\u00e8de pas de 10 jours le d\u00e9lai de livraison indiqu\u00e9 \u00e0 la commande.<\/p>\n<p align=\"justify\">Si les produits command\u00e9s n\u2019ont pas \u00e9t\u00e9 livr\u00e9s plus de 10 jours apr\u00e8s la date indicative de livraison, pour toute autre cause que la force majeure, la vente pourra \u00eatre r\u00e9solu\u00e9e \u00e0 la demande \u00e9crite de l\u2019Acheteur ou du Vendeur. Les sommes vers\u00e9es par l\u2019Acheteur lui seront alors restitu\u00e9es sans d\u00e9lais, \u00e0 l\u2019exclusion de toute indemnisation ou retenue.<\/p>\n<p align=\"justify\">La livraison est r\u00e9put\u00e9e effectu\u00e9e d\u00e8s la remise par le Vendeur des produits command\u00e9s au transporteur.<\/p>\n<p align=\"justify\">En cas de demande particuli\u00e8re de l\u2019Acheteur concernant les conditions d\u2019emballage ou de transport des produits command\u00e9s, d\u00fbment accept\u00e9e par \u00e9crit par le Vendeur, les co\u00fbts feront l\u2019objet d\u2019une facturation sp\u00e9cifique compl\u00e9mentaire, sur devis pr\u00e9alablement accept\u00e9 par \u00e9crit par l\u2019Acheteur.<\/p>\n<p align=\"justify\">L\u2019Acheteur est tenu de v\u00e9rifier l\u2019\u00e9tat des produits livr\u00e9s. Il doit formuler les \u00e9ventuelles r\u00e9serves au jour m\u00eame de la livraison avec tous les justificatifs y aff\u00e9rents. Pass\u00e9 ce d\u00e9lai, et \u00e0 d\u00e9faut d\u2019avoir respect\u00e9 ces formalit\u00e9s, les produits seront r\u00e9put\u00e9s conformes et exempts de tout vice apparent et aucune r\u00e9clamation ne pourra \u00eatre valablement accept\u00e9e par le Vendeur.<\/p>\n<p align=\"justify\">Nous remplacerons dans les plus brefs d\u00e9lais et aux frais de l\u2019Acheteur, les produits livr\u00e9s dont les vices apparents ou les d\u00e9fauts de conformit\u00e9 auront \u00e9t\u00e9 d\u00fbment prouv\u00e9s.<\/p>\n<p align=\"justify\">Pour vous satisfaire, nous avons le plaisir de livrer votre commande dans toute la France. Les services de La Poste fran\u00e7aise, \u00e9tant tr\u00e8s vari\u00e9, et donc assez compliqu\u00e9s, nous avons \u00e9tabli un tarif repr\u00e9sentant un compromis, \u00e0 votre avantage \u00e0 chaque fois que cela a \u00e9t\u00e9 possible.<\/p>\n<p align=\"justify\">Ce co\u00fbt de livraison sera calcul\u00e9 automatiquement par le logiciel lors de la validation de votre commande en fonction\u00a0du poids de votre commande.<\/p>\n<p align=\"center\">Pour la France (tous les envois sont avec suivi Colissimo,\u00a0sans signature).<\/p>\n<p align=\"justify\">Afin de vous satisfaire au mieux, n\u2019oubliez pas de remplir soigneusement votre adresse de livraison.<\/p>\n","protected":false},"excerpt":{"rendered":"<p>L\u2019exp\u00e9dition de votre colis Pour les commandes dont les produits sont en stock, les colis sont pr\u00e9par\u00e9s et exp\u00e9di\u00e9s\u00a0entre 48h\/72 heures qui suivent la confirmation de commande (hors week-end et <a class=\"more-link\" href=\"https:\/\/dom-polski.fr\/index.php\/conditions-de-livraison\/\">Afficher la suite \u2192<\/a><\/p>\n","protected":false},"author":1,"featured_media":0,"parent":0,"menu_order":0,"comment_status":"closed","ping_status":"closed","template":"","meta":{"spay_email":""},"aioseo_notices":[],"jetpack_shortlink":"https:\/\/wp.me\/P9CwUv-K","jetpack_likes_enabled":false,"_links":{"self":[{"href":"https:\/\/dom-polski.fr\/index.php\/wp-json\/wp\/v2\/pages\/46"}],"collection":[{"href":"https:\/\/dom-polski.fr\/index.php\/wp-json\/wp\/v2\/pages"}],"about":[{"href":"https:\/\/dom-polski.fr\/index.php\/wp-json\/wp\/v2\/types\/page"}],"author":[{"embeddable":true,"href":"https:\/\/dom-polski.fr\/index.php\/wp-json\/wp\/v2\/users\/1"}],"replies":[{"embeddable":true,"href":"https:\/\/dom-polski.fr\/index.php\/wp-json\/wp\/v2\/comments?post=46"}],"version-history":[{"count":1,"href":"https:\/\/dom-polski.fr\/index.php\/wp-json\/wp\/v2\/pages\/46\/revisions"}],"predecessor-version":[{"id":1155,"href":"https:\/\/dom-polski.fr\/index.php\/wp-json\/wp\/v2\/pages\/46\/revisions\/1155"}],"wp:attachment":[{"href":"https:\/\/dom-polski.fr\/index.php\/wp-json\/wp\/v2\/media?parent=46"}],"curies":[{"name":"wp","href":"https:\/\/api.w.org\/{rel}","templated":true}]}}